{"id":967,"date":"2018-06-12T09:31:02","date_gmt":"2018-06-12T09:31:02","guid":{"rendered":"https:\/\/tratamiento-ansiedad-depresion.com\/blog\/?page_id=967"},"modified":"2018-06-12T09:31:02","modified_gmt":"2018-06-12T09:31:02","slug":"aviso-legal-politica-de-privacidad-y-condiciones-de-uso","status":"publish","type":"page","link":"https:\/\/tratamiento-ansiedad-depresion.com\/blog\/aviso-legal-politica-de-privacidad-y-condiciones-de-uso\/","title":{"rendered":"Aviso legal, pol\u00edtica de privacidad y condiciones de uso"},"content":{"rendered":"<p>En cumplimiento del art\u00edculo 10 de la Ley 34\/2002, de 11 de julio, de Servicios de la Sociedad de la Informaci\u00f3n y Comercio Electr\u00f3nico (LSSICE), exponemos que <strong>Rub\u00e9n Blasco Navarro<\/strong>, con NIF n\u00ba 46759829-R, licenciado en Psicolog\u00eda por la Universidad de Barcelona e inscrito en el Colegio Oficial de Psic\u00f3logos de Catalunya con N\u00ba de colegiado 14830, en el titular del centro <u>Psic\u00f3logo especialista Barcelona<\/u>, un centro privado de psicolog\u00eda cl\u00ednica en r\u00e9gimen de consultas externas con domicilio social situado en Paseo Fabra i Puig, 118-120, Entresuelo 3\u00aa \u2013 08016 Barcelona (Barcelona).<\/p>\n<p>As\u00ed mismo, Rub\u00e9n Blasco Navarro tambi\u00e9n es titular de la web (<a href=\"http:\/\/tratamiento-ansiedad-depresion.com\">http:\/\/tratamiento-ansiedad-depresion.com<\/a>) y del blog (<a href=\"https:\/\/tratamiento-ansiedad-depresion.com\/blog\/\">https:\/\/tratamiento-ansiedad-depresion.com\/blog\/<\/a>) (en adelante \u201cPlataformas\u201d), as\u00ed como el titular del dominio tratamiento.ansiedad.depresion.com.<\/p>\n<p>&nbsp;<\/p>\n<h2><span style=\"color: #2453c9;\"><strong>Pol\u00edtica de privacidad de datos<\/strong><\/span><\/h2>\n<p>Tal y como se establece en la Ley Org\u00e1nica 15\/1999, de 13 de diciembre, de Protecci\u00f3n de Datos de Car\u00e1cter Personal (LOPD) y en el Reglamento General de Protecci\u00f3n de Datos (RGPD), le informamos que los datos personales que nos suministre a trav\u00e9s del uso de nuestras plataformas (web y blog) ser\u00e1n tratados de forma confidencial y pasar\u00e1n a formar parte de ficheros automatizados titularidad de Rub\u00e9n Blasco Navarro (responsable del tratamiento de datos personales) contando con la debida inscripci\u00f3n en la Agencia Espa\u00f1ola de Protecci\u00f3n de Datos.<\/p>\n<h4><strong><span style=\"color: #2453c9;\">\u00bfQu\u00e9 datos pedimos?<\/span><\/strong><\/h4>\n<p>Psic\u00f3logo especialista Barcelona puede solicitar los siguientes tipos de datos en funci\u00f3n del uso de las diferentes plataformas disponibles:<\/p>\n<ul>\n<li>Datos identificativos y de contacto (nombre, apellidos, direcci\u00f3n de correo electr\u00f3nico y tel\u00e9fono) en los formularios de contacto disponibles en la web.<\/li>\n<li>C\u00f3digos o claves de identificaci\u00f3n de Usuario\/a s\u00f3lo en el caso de participaci\u00f3n en el foro y\/o blog, y en la cumplimentaci\u00f3n de los cuestionarios de orientaci\u00f3n psicol\u00f3gica disponibles.<\/li>\n<li>Datos de informaci\u00f3n comercial en el caso de los formularios de solicitud de informaci\u00f3n acerca de servicios.<\/li>\n<\/ul>\n<p>En caso de que un Usuario\/a facilitase datos de terceros, manifiesta contar con el consentimiento de los mismos y se compromete a trasladarle la informaci\u00f3n contenida en esta cl\u00e1usula, eximiendo a Psic\u00f3logo especialista Barcelona de cualquier responsabilidad en este sentido.<\/p>\n<p>Los campos de texto libre que, a disposici\u00f3n del Usuario\/a, puedan aparecer en el Formulario de contacto del sitio web, tienen como \u00fanica y exclusiva finalidad el recabar informaci\u00f3n para mejorar la calidad de los servicios prestados. El Usuario\/a no incluir\u00e1, en aquellos espacios que el Sitio Web pueda ofertar como \u201ccampos de texto libre\u201d, ning\u00fan dato de car\u00e1cter personal que pueda ser calificado dentro de aquellos datos para los que se exige un nivel de protecci\u00f3n de tipo medio o alto, sin previo aviso a Psic\u00f3logo especialista Barcelona, seg\u00fan define la normativa vigente (a t\u00edtulo enunciativo y no limitativo datos relativos a ideolog\u00eda, religi\u00f3n, creencias, afiliaci\u00f3n sindical, salud, origen racial y\/o vida sexual).<\/p>\n<h4><strong><span style=\"color: #2453c9;\">\u00bfQu\u00e9 hacemos con tus datos?<\/span><\/strong><\/h4>\n<p>Los datos facilitados ser\u00e1n conservados de forma confidencial y reservada en un fichero automatizado de datos mantenido bajo la responsabilidad de Psic\u00f3logo especialista Barcelona. Dichos datos no se facilitar\u00e1n a terceros, ni ser\u00e1n utilizados por Psic\u00f3logo especialista Barcelona fuera de los fines consignados cumpliendo as\u00ed con lo dispuesto en la normativa vigente en materia de protecci\u00f3n de datos de car\u00e1cter personal.<\/p>\n<p>Psic\u00f3logo especialista Barcelona se compromete a no remitir comunicaciones comerciales sin identificarlas como tales, conforme a lo dispuesto en la Ley 34\/2002 de Servicios de la Sociedad de la Informaci\u00f3n y de comercio electr\u00f3nico. A estos efectos ser\u00e1 considerado como comunicaci\u00f3n comercial toda informaci\u00f3n que se env\u00ede a las\/los clientes y Usuario\/as de las plataformas de Psic\u00f3logo especialista Barcelona siempre que tenga por finalidad el mantenimiento de la relaci\u00f3n existente con el\/la cliente y\/o Usuario\/a, as\u00ed como el desempe\u00f1o de las tareas de informaci\u00f3n u ofrecimiento de otras actividades propias de los servicios que presta Psic\u00f3logo especialista Barcelona.<\/p>\n<h4><span style=\"color: #2453c9;\"><strong>\u00bfCu\u00e1nto tiempo los guardamos?<\/strong><\/span><\/h4>\n<p>Psic\u00f3logo especialista Barcelona conservar\u00e1 los datos personales de los Usuario\/as \u00fanicamente durante el tiempo necesario para la realizaci\u00f3n de las finalidades para las que fueron recogidos, mientras \u00e9ste no revoque los consentimientos otorgados. En el caso de que los datos suministrados est\u00e9n asociados a una compra, se mantendr\u00e1n durante el plazo de 5 a\u00f1os establecido en la legislaci\u00f3n espa\u00f1ola.<\/p>\n<h4><span style=\"color: #2453c9;\"><strong>\u00bfC\u00f3mo puedo rectificar y\/o cancelar mis datos?<\/strong><\/span><\/h4>\n<p>El\/la interesado\/a podr\u00e1 ejercitar los derechos de acceso, rectificaci\u00f3n, cancelaci\u00f3n y oposici\u00f3n mediante carta certificada, o forma equivalente que permita acreditar su recepci\u00f3n, dirigida al responsable del tratamiento de datos personales: Rub\u00e9n Blasco Navarro, Paseo Fabra i Puig, 118-120, Entresuelo 3\u00aa \u2013 08016 Barcelona (Barcelona) o en la direcci\u00f3n electr\u00f3nica ruben-blasco@psicologo-especialista-barcelona.com. La solicitud deber\u00e1 contener nombre, apellidos del interesado, copia del DNI y, en los casos que se admita, de la persona que lo represente, as\u00ed como documento acreditativo de la representaci\u00f3n, petici\u00f3n en que se concreta la solicitud, domicilio a efectos de notificaciones, fecha y firma del solicitante y documentos acreditativos de la petici\u00f3n que formula. Si la solicitud no re\u00fane los requisitos especificados se requerir\u00e1 su subsanaci\u00f3n. Respecto al derecho de acceso, \u00fanicamente se denegar\u00e1 cuando la solicitud sea formulada por persona distinta del afectado. No se exigir\u00e1 contraprestaci\u00f3n alguna.<\/p>\n<p>Psic\u00f3logo especialista Barcelona se reserva el derecho de modificar su pol\u00edtica de privacidad de acuerdo a su criterio, o a causa de un cambio legislativo, jurisprudencial o en la pr\u00e1ctica empresarial. Si se\u00a0 introdujera alguna modificaci\u00f3n, el nuevo texto ser\u00e1 publicado en este mismo sitio web.<\/p>\n<p><strong>\u00a0<\/strong><\/p>\n<h2><span style=\"color: #2453c9;\"><strong>Aceptaci\u00f3n de t\u00e9rminos y condiciones<\/strong><\/span><\/h2>\n<p>Las presentes condiciones generales tienen como objeto la regulaci\u00f3n de la relaci\u00f3n contractual que supone la prestaci\u00f3n por parte de Psic\u00f3logo especialista Barcelona del servicio de atenci\u00f3n psicol\u00f3gica cuyas caracter\u00edsticas se encuentran definidas en la web\u00a0<a href=\"https:\/\/psicologo-especialista-barcelona.com\/\">https:\/\/psicologo-especialista-barcelona.com\/<\/a><\/p>\n<p>Una vez informado\/a, si Ud. contin\u00faa accediendo a alguna de las plataformas de Psic\u00f3logo especialista Barcelona o intercambia informaci\u00f3n a trav\u00e9s de cualquiera de sus servicios, est\u00e1 manifestando su aceptaci\u00f3n plena de todas y cada una de las condiciones que se incorporan al presente Aviso legal.<\/p>\n<p>Al aceptar el Aviso legal, en concordancia con la normativa actualmente vigente en materia de protecci\u00f3n de datos (LOPD), as\u00ed como en materia de servicios de la sociedad de la informaci\u00f3n y de comercio electr\u00f3nico (LSSICE), el Usuario\/a acepta que los datos aportados sean incorporados a ficheros titularidad de Psic\u00f3logo especialista Barcelona y que otorga su consentimiento para el tratamiento de sus datos personales a las finalidades anteriormente descritas, sin perjuicio del ejercicio de los correspondientes derechos ARCO o la revocaci\u00f3n del consentimiento prestado.<\/p>\n<h2><span style=\"color: #2453c9;\"><strong>Condiciones de uso de la web<\/strong><\/span><\/h2>\n<p>El sitio <a href=\"http:\/\/tratamiento-ansiedad-depresion.com\">http:\/\/tratamiento-ansiedad-depresion.com<\/a> es una p\u00e1gina web de informaci\u00f3n, divulgaci\u00f3n y orientaci\u00f3n de tem\u00e1tica psicol\u00f3gica dirigida a personas adolescentes y adultas que busquen informaci\u00f3n acerca de aspectos de la psicolog\u00eda cl\u00ednica.<\/p>\n<p>La informaci\u00f3n contenida en la web no sustituye en ning\u00fan caso a la evaluaci\u00f3n y diagn\u00f3stico profesional, ni a la relaci\u00f3n del profesional de la salud y su paciente, ni al seguimiento y control de cada caso. En caso de duda consulte con su profesional de la salud mental de referencia.<\/p>\n<p>El Usuario\/a se compromete a utilizar la web de conformidad con la Ley, el presente Aviso Legal, y dem\u00e1s avisos, reglamentos de uso e instrucciones puestos en su conocimiento, as\u00ed como con la moral y las buenas costumbres generalmente aceptadas y el orden p\u00fablico.<\/p>\n<p>El Usuario\/a se obliga a usar los Contenidos de forma diligente, correcta y l\u00edcita y, en particular, se compromete a abstenerse de (a) utilizar los Contenidos de forma, con fines o efectos contrarios a la ley, a la moral y a las buenas costumbres generalmente aceptadas o al orden p\u00fablico; (b) reproducir o copiar, distribuir, permitir el acceso del p\u00fablico a trav\u00e9s de cualquier modalidad de comunicaci\u00f3n p\u00fablica, transformar o modificar los Contenidos, a menos que se cuente con la autorizaci\u00f3n del titular de los correspondientes derechos o ello resulte legalmente permitido; (c) suprimir, eludir o manipular el \u201ccopyright\u201d y dem\u00e1s datos identificativos.<\/p>\n<p>Queda prohibido realizar sin la debida autorizaci\u00f3n cualquier tipo de publicidad o informaci\u00f3n comercial directamente o de forma encubierta el env\u00edo de correos masivos (\u201cspaming\u201d).<\/p>\n<p>Igualmente, queda prohibido realizar acciones que puedan producir en el sitio web o a trav\u00e9s del mismo por cualquier medio, cualquier tipo de da\u00f1o a los sistemas de\u00a0<a href=\"http:\/\/tratamiento-ansiedad-depresion.com\">http:\/\/tratamiento-ansiedad-depresion.com<\/a>\u00a0o a terceros. Cualquier enlace que se efect\u00fae con los contenidos, requerir\u00e1 la previa conformidad de Rub\u00e9n Blasco Navarro y deber\u00e1 permitir, mediante la oportuna visualizaci\u00f3n, la identificaci\u00f3n de su procedencia. La utilizaci\u00f3n de esta informaci\u00f3n en otros sitios de Internet requerir\u00e1 autorizaci\u00f3n expresa.<\/p>\n<p>&nbsp;<\/p>\n<h2><span style=\"color: #2453c9;\"><strong>Condiciones de uso del blog<\/strong><\/span><\/h2>\n<p>El blog <a href=\"https:\/\/tratamiento-ansiedad-depresion.com\/blog\/\">https:\/\/tratamiento-ansiedad-depresion.com\/blog\/<\/a> est\u00e1 reservado a la informaci\u00f3n, divulgaci\u00f3n y orientaci\u00f3n de aspectos propios de la psicolog\u00eda cl\u00ednica as\u00ed como al asesoramiento, intercambio de opiniones, experiencias y\/o referencias relacionadas con la psicolog\u00eda de participaci\u00f3n a cualquier persona interesada.<\/p>\n<p>La informaci\u00f3n contenida en el blog no sustituye en ning\u00fan caso a la evaluaci\u00f3n y diagn\u00f3stico profesional, ni a la relaci\u00f3n del profesional de la salud y su paciente, ni al seguimiento y control de cada caso. En caso de duda consulte con su profesional de la salud mental de referencia.<\/p>\n<p>El Usuario\/a se compromete a no enviar mensajes y\/o comentarios insultantes, descalificadores, con contenidos obscenos o inapropiados, con fines comerciales o referentes a temas ajenos. Psic\u00f3logo especialista Barcelona no comparte necesariamente los contenidos u opiniones expresadas por los\/las Usuarios\/as. Las personas administradoras del foro comprobar\u00e1n que los mensajes recibidos cumplan las normas establecidas antes de su publicaci\u00f3n.<\/p>\n<p><strong>\u00a0<\/strong><\/p>\n<h2><span style=\"color: #2453c9;\"><strong>Derechos Propiedad intelectual e industrial<\/strong><\/span><\/h2>\n<p>Todos los contenidos publicados en la web y los art\u00edculos publicados por Psic\u00f3logo especialista Barcelona en el blog son titularidad exclusiva de Rub\u00e9n Blasco Navarro (salvo que se indique lo contrario) y, con car\u00e1cter enunciativo, que no limitativo, el dise\u00f1o gr\u00e1fico, c\u00f3digo fuente, logos, textos, gr\u00e1ficos, ilustraciones, fotograf\u00edas, y dem\u00e1s elementos que aparecen en la web.\u00a0Igualmente, todos los nombres comerciales, marcas o signos distintivos de cualquier clase contenidos en las plataformas de Psic\u00f3logo especialista Barcelona est\u00e1n protegidos por la Ley.<\/p>\n<p>Psic\u00f3logo especialista Barcelona no concede ning\u00fan tipo de licencia o autorizaci\u00f3n de uso personal al Usuario\/a sobre sus derechos de propiedad intelectual e industrial o sobre cualquier otro derecho relacionado con sus plataformas. Por ello, el Usuario\/a reconoce que la reproducci\u00f3n, distribuci\u00f3n, comercializaci\u00f3n, transformaci\u00f3n, y en general, cualquier otra forma de explotaci\u00f3n, por cualquier procedimiento, de todo o parte de los contenidos de las plataformas de Psic\u00f3logo especialista Barcelona constituye una infracci\u00f3n de los derechos de propiedad intelectual y\/o industrial de la empresa o del titular de los mismos.<\/p>\n<p>El Usuario\/a, \u00fanica y exclusivamente, puede utilizar el material que aparezca en estas plataformas para su uso personal y privado, quedando prohibido su uso con fines comerciales o para incurrir en actividades il\u00edcitas.<\/p>\n<p>En virtud de lo dispuesto en los art\u00edculos 8 y 32.1, p\u00e1rrafo segundo, de la Ley de Propiedad Intelectual, quedan expresamente prohibidas la reproducci\u00f3n, la distribuci\u00f3n y la comunicaci\u00f3n p\u00fablica, incluida su modalidad de puesta a disposici\u00f3n, de la totalidad o parte de los contenidos plataformas de Psic\u00f3logo especialista Barcelona, con fines comerciales, en cualquier soporte y por cualquier medio t\u00e9cnico, sin la autorizaci\u00f3n de correspondiente. Psic\u00f3logo especialista Barcelona ejercer\u00e1 todas las acciones civiles y penales que le correspondan en el caso de infracci\u00f3n o incumplimiento de estos derechos por parte del Usuario\/a.<\/p>\n<p>&nbsp;<\/p>\n<h2><span style=\"color: #2453c9;\"><strong>Exenci\u00f3n de responsabilidades<\/strong><\/span><\/h2>\n<p>Psic\u00f3logo especialista Barcelona podr\u00e1 modificar, sin previo aviso, la informaci\u00f3n contenida en sus plataformas, as\u00ed como su configuraci\u00f3n y presentaci\u00f3n. \u00a0Psic\u00f3logo especialista Barcelona no garantiza la inexistencia de interrupciones o errores en el acceso a la p\u00e1gina Web, en su contenido, ni que \u00e9ste se encuentre actualizado, aunque desarrollar\u00e1 sus mejores esfuerzos para, en su caso, evitarlos, subsanarlos o actualizarlos.<\/p>\n<p>Psic\u00f3logo especialista Barcelona no se hace responsable de los da\u00f1os y perjuicios directos o indirectos, incluidos da\u00f1os a sistemas inform\u00e1ticos e introducci\u00f3n de virus existentes en la red, derivados de la navegaci\u00f3n por Internet necesaria para el uso de las plataformas de Psic\u00f3logo especialista Barcelona.<\/p>\n<p>Psic\u00f3logo especialista Barcelona se compromete a trav\u00e9s de este medio a no realizar publicidad enga\u00f1osa. A estos efectos, por lo tanto, no ser\u00e1n considerados como publicidad enga\u00f1osa los errores formales o num\u00e9ricos que puedan encontrarse a lo largo del contenido de las distintas secciones de la web\u00a0<a href=\"http:\/\/tratamiento-ansiedad-depresion.com\">http:\/\/tratamiento-ansiedad-depresion.com<\/a> producidos como consecuencia de un mantenimiento y\/o actualizaci\u00f3n incompleta o defectuosa de la informaci\u00f3n contenida es estas secciones. Psic\u00f3logo especialista Barcelona como consecuencia de lo dispuesto en este apartado, se compromete a corregirlo tan pronto como tenga conocimiento de dichos errores.<\/p>\n<p>Psic\u00f3logo especialista Barcelona no se hace responsable del incumplimiento de cualquier norma aplicable en que pueda incurrir el Usuario\/a en su acceso al presente sitio web y\/o en el uso de las informaciones contenidas en el mismo.<br \/>\nDel mismo modo, Psic\u00f3logo especialista Barcelona no ser\u00e1 responsable de los da\u00f1os y perjuicios producidos o que puedan producirse, cualquiera que sea su naturaleza, que se deriven del uso de la informaci\u00f3n, de las materias contenidas en este Web Site y de los programas que incorpora. Los enlaces (Links) e hipertexto que posibiliten, a trav\u00e9s de las plataformas, acceder al Usuario\/a a prestaciones y servicios ofrecidos por terceros, no pertenecen ni se encuentran bajo el control de nombre de la empresa; dicha entidad no se hace responsable ni de la informaci\u00f3n contenida en los mismos ni de cualesquiera efectos que pudieran derivarse de dicha informaci\u00f3n.<\/p>\n<p><strong>\u00a0<\/strong><\/p>\n<h2><span style=\"color: #2453c9;\"><strong>Ley aplicable, jurisdicci\u00f3n y normativa profesional<\/strong><\/span><\/h2>\n<p>Las relaciones establecidas entre Psic\u00f3logo especialista Barcelona y el Usuario\/a se regir\u00e1n por lo dispuesto en la normativa vigente acerca de la legislaci\u00f3n aplicable y la jurisdicci\u00f3n competente. No obstante, para los casos en los que la normativa prevea la posibilidad a las partes de someterse a un fuero, Rub\u00e9n Blasco Navarro y el Usuario\/a, con renuncia expresa a cualquier otro fuero que pudiera corresponderles, someter\u00e1n cualesquiera controversias y\/o litigios al conocimiento de los Juzgados y Tribunales de la ciudad de Barcelona.<\/p>\n<p>Por otra parte, le informamos que el ejercicio de la psicolog\u00eda est\u00e1 regulado por el Colegio Oficial de Psic\u00f3logos y por el c\u00f3digo deontol\u00f3gico del psic\u00f3logo. Si Ud. lo desea puede consultar los citados c\u00f3digos en <a href=\"https:\/\/www.copc.cat\/\" class=\"broken_link\">https:\/\/www.copc.cat\/<\/a>.<\/p>\n","protected":false},"excerpt":{"rendered":"<p>En cumplimiento del art\u00edculo 10 de la Ley 34\/2002, de 11 de julio, de Servicios de la Sociedad de la Informaci\u00f3n y Comercio Electr\u00f3nico (LSSICE), exponemos que Rub\u00e9n Blasco Navarro, con NIF n\u00ba 46759829-R, licenciado en Psicolog\u00eda por la Universidad de Barcelona e inscrito en el Colegio Oficial de Psic\u00f3logos de Catalunya con N\u00ba de &hellip; <\/p>\n<p><a class=\"more-link btn\" href=\"https:\/\/tratamiento-ansiedad-depresion.com\/blog\/aviso-legal-politica-de-privacidad-y-condiciones-de-uso\/\">Continue reading<\/a><\/p>\n","protected":false},"author":1,"featured_media":0,"parent":0,"menu_order":0,"comment_status":"closed","ping_status":"closed","template":"","meta":{"_monsterinsights_skip_tracking":false,"_monsterinsights_sitenote_active":false,"_monsterinsights_sitenote_note":"","_monsterinsights_sitenote_category":0,"footnotes":""},"class_list":["post-967","page","type-page","status-publish","hentry","nodate","item-wrap"],"aioseo_notices":[],"_links":{"self":[{"href":"https:\/\/tratamiento-ansiedad-depresion.com\/blog\/wp-json\/wp\/v2\/pages\/967"}],"collection":[{"href":"https:\/\/tratamiento-ansiedad-depresion.com\/blog\/wp-json\/wp\/v2\/pages"}],"about":[{"href":"https:\/\/tratamiento-ansiedad-depresion.com\/blog\/wp-json\/wp\/v2\/types\/page"}],"author":[{"embeddable":true,"href":"https:\/\/tratamiento-ansiedad-depresion.com\/blog\/wp-json\/wp\/v2\/users\/1"}],"replies":[{"embeddable":true,"href":"https:\/\/tratamiento-ansiedad-depresion.com\/blog\/wp-json\/wp\/v2\/comments?post=967"}],"version-history":[{"count":2,"href":"https:\/\/tratamiento-ansiedad-depresion.com\/blog\/wp-json\/wp\/v2\/pages\/967\/revisions"}],"predecessor-version":[{"id":969,"href":"https:\/\/tratamiento-ansiedad-depresion.com\/blog\/wp-json\/wp\/v2\/pages\/967\/revisions\/969"}],"wp:attachment":[{"href":"https:\/\/tratamiento-ansiedad-depresion.com\/blog\/wp-json\/wp\/v2\/media?parent=967"}],"curies":[{"name":"wp","href":"https:\/\/api.w.org\/{rel}","templated":true}]}}