{"id":927,"date":"2017-03-31T16:18:01","date_gmt":"2017-03-31T16:18:01","guid":{"rendered":"https:\/\/tratamiento-ansiedad-depresion.com\/blog\/?page_id=927"},"modified":"2017-03-31T16:36:23","modified_gmt":"2017-03-31T16:36:23","slug":"ansiedad-padecer-trastorno-delirante","status":"publish","type":"page","link":"https:\/\/tratamiento-ansiedad-depresion.com\/blog\/asesoramiento-gratuito\/ansiedad-padecer-trastorno-delirante\/","title":{"rendered":"Miedo a volverme loca o padecer trastorno delirante"},"content":{"rendered":"<h1 style=\"text-align: center;\">\u00bfLa ansiedad puede generar un trastorno delirante?<\/h1>\n<p>&nbsp;<\/p>\n<p><span style=\"color: #ff9900;\">PREGUNTA<\/span><\/p>\n<p style=\"text-align: justify;\">Hace un tiempo que\u00a0 sufro ansiedad con trastorno obsesivo compulsivo puro, todo empez\u00f3 cuando la mitad de mi cuerpo comenz\u00f3 a palpitar y a hormiguear, comenc\u00e9 a notar que mi coraz\u00f3n comenzaba a \u00abbombear\u00bb muy r\u00e1pido sent\u00eda pulsadas y eso me hizo tener miedo a padecer un infarto o otro problema. Le ped\u00eda a mi madre que me midiera la presi\u00f3n y ella siempre dec\u00eda que estaba todo normal, segu\u00eda con esa idea hasta dos meses, hasta que mi madre decidi\u00f3 llevarme con un m\u00e9dico hacerme ex\u00e1menes y lo resultados fueron excelentes no sufr\u00ed de ning\u00fan problema adem\u00e1s de mala circulaci\u00f3n de la sangre que puede resolverse sin problemas.<\/p>\n<p style=\"text-align: justify;\">Pas\u00f3 una semana y mi ansiedad iba desapareciendo&#8230; Hasta que\u00a0 not\u00e9 que las cosas comenzaron a moverse solas, hac\u00edan como si estuvieran bajo el agua, eso me asust\u00f3 mucho y comet\u00ed el peor error.. decid\u00ed auto diagnosticarme usando el Internet y me encontr\u00e9 con trastorno mentales como esquizofrenia, psicosis, trastorno delirante y unos de los s\u00edntomas era movimiento de los objetos ect.<\/p>\n<p style=\"text-align: justify;\">Eso me perjudic\u00f3 mucho cre\u00ed que me estaba volviendo loca, pasaron los d\u00edas y el miedo crec\u00eda m\u00e1s y m\u00e1s hasta poner en duda todo lo que o\u00eda, ve\u00eda, o tocaba, me hac\u00eda preguntas como \u00ab\u00bfesto que veo, escucho, o siento es real? \u00bb ten\u00eda que asegurarme de \u00a0estar a\u00fan pegada a la realidad y no estar teniendo alucinaciones, estuve as\u00ed por 7 meses hasta que mi madre decidi\u00f3 llevarme con el psic\u00f3logo y me asegur\u00f3 que no sufr\u00eda\u00a0 ning\u00fan trastorno mental que s\u00f3lo era ansiedad lo que me causaba esas sensaciones extra\u00f1as.<\/p>\n<p style=\"text-align: justify;\">Me alegr\u00e9 mucho de saber que no me estaba volviendo loca&#8230; pero segu\u00eda dudando de el psic\u00f3logo. Comenc\u00e9 a cuestionarlo si realmente me evalu\u00f3 bien, pero supe que solo eran pensamientos de la ansiedad. Pesaron 4 meses y ya no tenia miedo a volverme loca la ansiedad iba desapareciendo y mi mente se iba aclarando, fortaleciendo.. Hasta que me pas\u00f3 algo desagradable, una se\u00f1ora me llama \u00abesa es la ni\u00f1a loca\u00bb eso lo o\u00ed perfectamente hasta me volte\u00e9 de manera disimulada y ella me estaba viendo, eso me hizo sentir muy mal y vinieron los pensamientos de duda, que si lo que escuch\u00e9 y vi o solo fue una alucinaci\u00f3n o delirio de mi mente as\u00ed que decid\u00ed no darle importancia y contin\u00fae caminado. Despu\u00e9s de 1 semana \u00a0una chica me grito \u00abni\u00f1a loca\u00bb pero no la vi pero se de donde provino la voz, se lo coment\u00e9 a mi madre y ella me dijo que quiz\u00e1s estaba volvi\u00e9ndome loca, eso provoc\u00f3 nuevamente que volviera a a tener miedo de volverme loca comenc\u00e9 a preguntarme y si lo que escuch\u00e9 ( de la mujer, y la chica) era real o simplemente me estoy volviendo loca, luego de eso decid\u00ed encerrarme en mi casa. \u00a0Llevo 4 d\u00edas sin salir de casa y no he o\u00eddo o visto nada extra\u00f1o todo normal, pero no me apetece salir de casa.<\/p>\n<p style=\"text-align: justify;\">Doctor, \u00bfser\u00e1 posible que me est\u00e9 volviendo loca, ser\u00e1 que estoy desarrollando a\u00fan trastorno mental como esquizofrenia o trastorno delirante? La ansiedad, \u00bfpuede producir alg\u00fan trastorno? \u00a0Por favor ay\u00fadame me siento realmente muy mal espero me pueda aclarar estas dudas.<\/p>\n<p style=\"text-align: justify;\">(Tambi\u00e9n sufr\u00ed de Fobia Social por 4 a\u00f1os ya que sufro de baja autoestima)<\/p>\n<p style=\"text-align: justify;\">A\u00fan me sigue palpitando la mitad del cuerpo, pero ya no tanto excepto cuando duermo y el coraz\u00f3n me palpita de manera intensa pero solo dura unos minutos ( seg\u00fan el doctor puede ser mala circulaci\u00f3n de la sangre o producto de la misma ansiedad)<\/p>\n<p style=\"text-align: justify;\"><a href=\"https:\/\/tratamiento-ansiedad-depresion.com\/blog\/wp-content\/uploads\/2017\/03\/Miedo-a-volverme-loca.jpg\"><img loading=\"lazy\" decoding=\"async\" class=\"aligncenter size-medium wp-image-929\" src=\"https:\/\/tratamiento-ansiedad-depresion.com\/blog\/wp-content\/uploads\/2017\/03\/Miedo-a-volverme-loca-300x207.jpg\" alt=\"Miedo a volverme loca\" width=\"300\" height=\"207\" srcset=\"https:\/\/tratamiento-ansiedad-depresion.com\/blog\/wp-content\/uploads\/2017\/03\/Miedo-a-volverme-loca-300x207.jpg 300w, https:\/\/tratamiento-ansiedad-depresion.com\/blog\/wp-content\/uploads\/2017\/03\/Miedo-a-volverme-loca-1024x708.jpg 1024w, https:\/\/tratamiento-ansiedad-depresion.com\/blog\/wp-content\/uploads\/2017\/03\/Miedo-a-volverme-loca.jpg 1160w\" sizes=\"(max-width: 300px) 100vw, 300px\" \/><\/a><\/p>\n<p><span style=\"color: #00d600;\">RESPUESTA<br \/>\n<\/span><\/p>\n<p style=\"text-align: justify;\">Muchas gracias por compartir tu situaci\u00f3n con nosotros. por lo que nos comentas parece ser que est\u00e1s padeciendo mucha ansiedad en tu d\u00eda a d\u00eda. Nos has explicado que ya en el pasado te diagnosticaron por un lado Fobia social, que ya es un trastorno que cursa con mucha ansiedad, pero que tambi\u00e9n otro psic\u00f3logo te coment\u00f3 que lo que te est\u00e1 pasando era fruto de tu ansiedad. \u00a0Mejoraste tras este diagn\u00f3stico, pero al poco tiempo te cuestionaste si realmente el psic\u00f3logo te evalu\u00f3 correctamente, por lo que tus miedos volvieron a surgir, y con ellos la incertidumbre de lo que te ocurr\u00eda.<\/p>\n<p style=\"text-align: justify;\">En estos casos desgraciadamente como comentas tendemos a auto diagnosticarnos y consultar internet cosa que acaba alarm\u00e1ndonos puesto que no somos imparciales ni objetivos a la hora de realizar un diagn\u00f3stico, tampoco disponemos de la formaci\u00f3n acad\u00e9mica para realizarlo, por no mencionar, que internet posee informaci\u00f3n muy correcta y valiosa pero a la par, tambi\u00e9n informaci\u00f3n de dudoso origen o incluso falsa.<\/p>\n<p style=\"text-align: justify;\">Comentar que los trastornos de ansiedad en muchas ocasiones est\u00e1n vinculados por miedos anticipatorios asociados a la posibilidad de desarrollar una enfermedad concreta, como en la hipocondr\u00eda. Los elevados niveles de ansiedad as\u00ed como el miedo nos pueden llevar a confusi\u00f3n y llegar a creer o imaginarnos cosas fruto de nuestro miedo, pero ello no significa que estemos delirando o que tengamos esa enfermedad que tanto tememos padecer.<\/p>\n<p style=\"text-align: justify;\">Finalmente te recomendar\u00eda que volvieras a consultar con tu psic\u00f3logo, que ya en su d\u00eda te diagnostic\u00f3 de ansiedad y que pod\u00e1is iniciar un tratamiento psicol\u00f3gico, concretamente te recomendar\u00eda una terapia cognitivo conductual, que es la que mejores resultados ofrece para los problemas de ansiedad. De esta manera aprender\u00edas a manejar mejor tu ansiedad y estos miedos a padecer una enfermedad grave como delirios o incluso una esquizofrenia.<\/p>\n<p style=\"text-align: justify;\">Espero que pronto te sientas mejor<\/p>\n<p style=\"text-align: justify;\">Saludos cordiales<\/p>\n<p style=\"text-align: center;\">Si quieres participar en el blog y preguntarnos algo, haz click aqu\u00ed.<\/p>\n<p><a href=\"https:\/\/tratamiento-ansiedad-depresion.com\/blog\/asesoramiento-gratuito\/\/\"><img loading=\"lazy\" decoding=\"async\" class=\"aligncenter size-full wp-image-697\" title=\"El psic\u00f3logo contestar\u00e1 tus preguntas\" src=\"https:\/\/tratamiento-ansiedad-depresion.com\/blog\/wp-content\/uploads\/2013\/11\/asesoramiento-gratuito-button.png\" alt=\"manda-tu-consulta\" width=\"200\" height=\"107\" \/><\/a><br \/>\nRub\u00e9n Blasco, Psic\u00f3logo Colegiado N\u00ba 14830.<\/p>\n<p>M\u00e1s informaci\u00f3n en<a href=\"http:\/\/tratamiento-ansiedad-depresion.com\" target=\"_blank\"> tratamiento-ansiedad-depresion.com<\/a><\/p>\n","protected":false},"excerpt":{"rendered":"<p>\u00bfLa ansiedad puede generar un trastorno delirante? &nbsp; PREGUNTA Hace un tiempo que\u00a0 sufro ansiedad con trastorno obsesivo compulsivo puro, todo empez\u00f3 cuando la mitad de mi cuerpo comenz\u00f3 a palpitar y a hormiguear, comenc\u00e9 a notar que mi coraz\u00f3n comenzaba a \u00abbombear\u00bb muy r\u00e1pido sent\u00eda pulsadas y eso me hizo tener miedo a padecer &hellip; <\/p>\n<p><a class=\"more-link btn\" href=\"https:\/\/tratamiento-ansiedad-depresion.com\/blog\/asesoramiento-gratuito\/ansiedad-padecer-trastorno-delirante\/\">Continue reading<\/a><\/p>\n","protected":false},"author":1,"featured_media":0,"parent":211,"menu_order":0,"comment_status":"open","ping_status":"open","template":"","meta":{"_monsterinsights_skip_tracking":false,"_monsterinsights_sitenote_active":false,"_monsterinsights_sitenote_note":"","_monsterinsights_sitenote_category":0,"footnotes":""},"class_list":["post-927","page","type-page","status-publish","hentry","nodate","item-wrap"],"aioseo_notices":[],"_links":{"self":[{"href":"https:\/\/tratamiento-ansiedad-depresion.com\/blog\/wp-json\/wp\/v2\/pages\/927"}],"collection":[{"href":"https:\/\/tratamiento-ansiedad-depresion.com\/blog\/wp-json\/wp\/v2\/pages"}],"about":[{"href":"https:\/\/tratamiento-ansiedad-depresion.com\/blog\/wp-json\/wp\/v2\/types\/page"}],"author":[{"embeddable":true,"href":"https:\/\/tratamiento-ansiedad-depresion.com\/blog\/wp-json\/wp\/v2\/users\/1"}],"replies":[{"embeddable":true,"href":"https:\/\/tratamiento-ansiedad-depresion.com\/blog\/wp-json\/wp\/v2\/comments?post=927"}],"version-history":[{"count":5,"href":"https:\/\/tratamiento-ansiedad-depresion.com\/blog\/wp-json\/wp\/v2\/pages\/927\/revisions"}],"predecessor-version":[{"id":934,"href":"https:\/\/tratamiento-ansiedad-depresion.com\/blog\/wp-json\/wp\/v2\/pages\/927\/revisions\/934"}],"up":[{"embeddable":true,"href":"https:\/\/tratamiento-ansiedad-depresion.com\/blog\/wp-json\/wp\/v2\/pages\/211"}],"wp:attachment":[{"href":"https:\/\/tratamiento-ansiedad-depresion.com\/blog\/wp-json\/wp\/v2\/media?parent=927"}],"curies":[{"name":"wp","href":"https:\/\/api.w.org\/{rel}","templated":true}]}}