{"id":633,"date":"2014-07-16T07:59:29","date_gmt":"2014-07-16T07:59:29","guid":{"rendered":"https:\/\/tratamiento-ansiedad-depresion.com\/blog\/?page_id=633"},"modified":"2020-07-28T16:57:27","modified_gmt":"2020-07-28T16:57:27","slug":"miedo-de-hacer-dano-mascotas","status":"publish","type":"page","link":"https:\/\/tratamiento-ansiedad-depresion.com\/blog\/asesoramiento-gratuito\/miedo-de-hacer-dano-mascotas\/","title":{"rendered":"Miedo de hacer da\u00f1o a mis mascotas"},"content":{"rendered":"<h1 style=\"text-align: center;\">Tengo miedo de hacer da\u00f1o a mis mascotas<\/h1>\n<p><span style=\"color: #ff9900;\">PREGUNTA<\/span><br \/>\nBuenas tardes, tengo un miedo horrible de hacerle da\u00f1o a mis mascotas y lo pienso tanto que creo que no se me van a ir estos pensamientos hasta que lo haga.. Tengo mucho miedo y los amo con locura. C\u00f3mo puedo pensar eso soy lo peor.<\/p>\n<p>Gracias por escucharme.<\/p>\n<p><img loading=\"lazy\" decoding=\"async\" class=\"aligncenter size-medium wp-image-735\" alt=\"Miedo de hacer da\u00f1o a mis mascotas\" src=\"https:\/\/tratamiento-ansiedad-depresion.com\/blog\/wp-content\/uploads\/2014\/07\/hacer-da\u00f1o-mascotas-300x225.jpg\" width=\"300\" height=\"225\" srcset=\"https:\/\/tratamiento-ansiedad-depresion.com\/blog\/wp-content\/uploads\/2014\/07\/hacer-da\u00f1o-mascotas-300x225.jpg 300w, https:\/\/tratamiento-ansiedad-depresion.com\/blog\/wp-content\/uploads\/2014\/07\/hacer-da\u00f1o-mascotas-1024x768.jpg 1024w, https:\/\/tratamiento-ansiedad-depresion.com\/blog\/wp-content\/uploads\/2014\/07\/hacer-da\u00f1o-mascotas.jpg 1600w\" sizes=\"(max-width: 300px) 100vw, 300px\" \/><\/p>\n<p><span style=\"color: #00d600;\">RESPUESTA<\/span><\/p>\n<p style=\"text-align: justify;\">El miedo a hacer da\u00f1o a los dem\u00e1s es una de las caracter\u00edsticas propias de las<strong> fobias de impulsi\u00f3n.<\/strong> Lo que ocurre es que este impulso o imagen nuestra en algunos casos haciendo da\u00f1o a los dem\u00e1s, puede variar dependiendo de cada persona. Es decir los \u00abobjetivos\u00bb de nuestros impulsos pueden ser muy variados, desde uno mismo, mi pareja, mis hijos, mis mascotas&#8230; Generalmente tenemos impulsos de hacer da\u00f1o a personas o animales que se encuentran en una situaci\u00f3n vulnerable. Cosa que nos hace sentir peor, porque nos sit\u00faa en una posici\u00f3n de abuso por nuestra parte, gener\u00e1ndonos un gran malestar por el hecho de pensar que podamos aprovecharnos de esa manera y acabar da\u00f1ando a alguien tan vulnerable.<\/p>\n<h3>Objetivos vulnerables en las fobias de impulsi\u00f3n<\/h3>\n<p style=\"text-align: justify;\">El hecho que nuestro objetivo de nuestra fobia de impulsi\u00f3n, sea vulnerable es un elemento que nos genera mucha m\u00e1s ansiedad, porque deja claro que no hay nadie m\u00e1s que yo para poder detenerme y no llegar a hacer da\u00f1o. Mi objetivo no se va a poder defender, por lo que si yo mismo no me detengo ser\u00e1 algo fatal. Pensamiento que entra en conflicto directo con nosotros mismos:<em> \u00absi yo no le quiero hacer da\u00f1o, por qu\u00e9 no paro de pensarlo? y si realmente lo pienso tanto, igual es \u00a0porque en el fondo s\u00ed que le quiero hacer da\u00f1o?\u00bb<\/em>. Evidentemente este es el primer conflicto interno y posteriormente me acaba preguntando :<em> \u00ab\u00bfSer\u00eda capaz de hacerle da\u00f1o?\u00bb<\/em><\/p>\n<p style=\"text-align: justify;\">A estas preguntas ya hemos contestado anteriormente, y la respuesta sigue siendo: <strong>NO, EN NING\u00daN CASO ACABAREMOS HACIENDO DA\u00d1O A NADIE<\/strong>. Y si lo pensamos de forma tan asidua es porque tenemos una fobia de impulsi\u00f3n, la ansiedad se manifiesta de esta forma obsesiva y recurrente. As\u00ed como en otras personas la ansiedad se puede manifestar en forma de ataques de p\u00e1nico en las personas con fobias de impulsi\u00f3n la ansiedad se manifiesta como pensamientos o ideas de hacer da\u00f1o a los dem\u00e1s.<\/p>\n<h3 style=\"text-align: justify;\">Qu\u00e9 puedo hacer si tengo una fobia de impulsi\u00f3n<\/h3>\n<p style=\"text-align: justify;\">Lo m\u00e1s recomendable en estos casos es la terapia psicol\u00f3gica, concretamente la <strong>terapia cognitivo conductual,<\/strong> desde la que se trabajan tanto mis pensamientos (en este caso concreto controlar mis pensamientos de hacer da\u00f1o) y las conductas asociadas. Uno de los principales ejercicios a realizar es la <strong>terapia de exposici\u00f3n<\/strong> con prevenci\u00f3n de respuesta. Es decir se ense\u00f1a a la persona a exponerse y afrontar las situaciones que le generan esos pensamientos de hacer da\u00f1o a los otros y simult\u00e1neamente se trabaja la ansiedad para que la persona pueda manejar esas situaciones hasta estar sin ansiedad, de forma que los pensamientos de hacer da\u00f1o desaparecen. Es un tratamiento muy espec\u00edfico y efectivo que est\u00e1 especialmente dise\u00f1ado para eliminar las fobias de impulsi\u00f3n. Esta terapia de exposici\u00f3n es importante que se realice bajo la supervisi\u00f3n de un psic\u00f3logo debidamente especializado.<\/p>\n<p style=\"text-align: center;\">Si quieres participar en el blog y preguntarnos algo, haz click aqu\u00ed.<\/p>\n<p><a href=\"https:\/\/tratamiento-ansiedad-depresion.com\/blog\/asesoramiento-gratuito\/\/\"><img loading=\"lazy\" decoding=\"async\" class=\"aligncenter size-full wp-image-697\" title=\"El psic\u00f3logo contestar\u00e1 tus preguntas\" alt=\"manda-tu-consulta\" src=\"https:\/\/tratamiento-ansiedad-depresion.com\/blog\/wp-content\/uploads\/2013\/11\/asesoramiento-gratuito-button.png\" width=\"200\" height=\"107\" \/><\/a><br \/>\nRub\u00e9n Blasco, Psic\u00f3logo Colegiado N\u00ba 14830.<\/p>\n<p>M\u00e1s informaci\u00f3n en<a href=\"http:\/\/tratamiento-ansiedad-depresion.com\" target=\"_blank\" rel=\"noopener noreferrer\"> tratamiento-ansiedad-depresion.com<\/a><\/p>\n","protected":false},"excerpt":{"rendered":"<p>Tengo miedo de hacer da\u00f1o a mis mascotas PREGUNTA Buenas tardes, tengo un miedo horrible de hacerle da\u00f1o a mis mascotas y lo pienso tanto que creo que no se me van a ir estos pensamientos hasta que lo haga.. Tengo mucho miedo y los amo con locura. C\u00f3mo puedo pensar eso soy lo peor. &hellip; <\/p>\n<p><a class=\"more-link btn\" href=\"https:\/\/tratamiento-ansiedad-depresion.com\/blog\/asesoramiento-gratuito\/miedo-de-hacer-dano-mascotas\/\">Continue reading<\/a><\/p>\n","protected":false},"author":1,"featured_media":0,"parent":211,"menu_order":0,"comment_status":"open","ping_status":"open","template":"","meta":{"_monsterinsights_skip_tracking":false,"_monsterinsights_sitenote_active":false,"_monsterinsights_sitenote_note":"","_monsterinsights_sitenote_category":0,"footnotes":""},"class_list":["post-633","page","type-page","status-publish","hentry","nodate","item-wrap"],"aioseo_notices":[],"_links":{"self":[{"href":"https:\/\/tratamiento-ansiedad-depresion.com\/blog\/wp-json\/wp\/v2\/pages\/633"}],"collection":[{"href":"https:\/\/tratamiento-ansiedad-depresion.com\/blog\/wp-json\/wp\/v2\/pages"}],"about":[{"href":"https:\/\/tratamiento-ansiedad-depresion.com\/blog\/wp-json\/wp\/v2\/types\/page"}],"author":[{"embeddable":true,"href":"https:\/\/tratamiento-ansiedad-depresion.com\/blog\/wp-json\/wp\/v2\/users\/1"}],"replies":[{"embeddable":true,"href":"https:\/\/tratamiento-ansiedad-depresion.com\/blog\/wp-json\/wp\/v2\/comments?post=633"}],"version-history":[{"count":13,"href":"https:\/\/tratamiento-ansiedad-depresion.com\/blog\/wp-json\/wp\/v2\/pages\/633\/revisions"}],"predecessor-version":[{"id":1021,"href":"https:\/\/tratamiento-ansiedad-depresion.com\/blog\/wp-json\/wp\/v2\/pages\/633\/revisions\/1021"}],"up":[{"embeddable":true,"href":"https:\/\/tratamiento-ansiedad-depresion.com\/blog\/wp-json\/wp\/v2\/pages\/211"}],"wp:attachment":[{"href":"https:\/\/tratamiento-ansiedad-depresion.com\/blog\/wp-json\/wp\/v2\/media?parent=633"}],"curies":[{"name":"wp","href":"https:\/\/api.w.org\/{rel}","templated":true}]}}