{"id":553,"date":"2014-06-11T10:25:50","date_gmt":"2014-06-11T10:25:50","guid":{"rendered":"https:\/\/tratamiento-ansiedad-depresion.com\/blog\/?page_id=553"},"modified":"2014-06-13T10:17:09","modified_gmt":"2014-06-13T10:17:09","slug":"ataques-de-panico-y-depresion","status":"publish","type":"page","link":"https:\/\/tratamiento-ansiedad-depresion.com\/blog\/asesoramiento-gratuito\/ataques-de-panico-y-depresion\/","title":{"rendered":"Ataques de p\u00e1nico y depresi\u00f3n"},"content":{"rendered":"<h1 style=\"text-align: center;\">Ataques de p\u00e1nico y depresi\u00f3n<\/h1>\n<p>&nbsp;<\/p>\n<p style=\"text-align: justify;\"><span style=\"color: #ff9900;\">PREGUNTA<\/span><\/p>\n<p style=\"text-align: justify;\">Hace ya un a\u00f1o y pico que me siento muy deprimida. Puedo estar pas\u00e1ndomelo bien con\u00a0amigos y de repente me entran ganas de llorar. Me dan ataques de ansiedad y p\u00e1nico\u00a0cada vez m\u00e1s frecuentemente. Sobre todo me dan cuando me voy a ir a dormir y me\u00a0acuesto muchas noches llorando en la cama. Tengo problemas para dormir, insomnio.<\/p>\n<p style=\"text-align: justify;\">Entre semana\u00a0solo duermo 4 o 5h al d\u00eda y los fines de semana duermo hasta 12h. Siempre estoy\u00a0cansada, he perdido el inter\u00e9s por lo que me importaba. Mi cabeza me dice que todo\u00a0es culpa m\u00eda, las discusiones en casa, et. He llegado a cortarme durante los ataques\u00a0porque parec\u00eda que me ayudaba. Dej\u00e9 de hacerlo cuando me di cuenta de que solo\u00a0empeoraba las cosas, pero aun as\u00ed sigo deprimida y a veces tengo ganas de volverlo\u00a0a hacer. Constantemente me digo que no valgo nada y que ser\u00eda mejor si no estuviese\u00a0aqu\u00ed, si me fuera o me muriese. He creado un mundo en mi cabeza donde todo es como\u00a0yo quiero que sea y paso all\u00ed casi tanto tiempo como en la realidad. No me\u00a0concentro en nada de lo que\u00a0hago. No entiendo como conservo los pocos amigos que tengo e incluso cuando me han\u00a0llegado a pedir salir siempre pregunto qu\u00e9 es lo que ven en mi porque no me entra en\u00a0la cabeza que pueda gustarle a nadie de ninguna manera. No s\u00e9 que puedo hacer ya,\u00a0estoy cansada y no quiero continuar as\u00ed. Muchas gracias por escucharme y por la\u00a0respuesta.<\/p>\n<p><a href=\"https:\/\/tratamiento-ansiedad-depresion.com\/blog\/wp-content\/uploads\/2014\/06\/ataques-de-panico-y-depresion.jpg\"><img loading=\"lazy\" decoding=\"async\" class=\"aligncenter size-medium wp-image-569\" alt=\"Ataques de p\u00e1nico y depresi\u00f3n\" src=\"https:\/\/tratamiento-ansiedad-depresion.com\/blog\/wp-content\/uploads\/2014\/06\/ataques-de-panico-y-depresion-200x300.jpg\" width=\"200\" height=\"300\" srcset=\"https:\/\/tratamiento-ansiedad-depresion.com\/blog\/wp-content\/uploads\/2014\/06\/ataques-de-panico-y-depresion-200x300.jpg 200w, https:\/\/tratamiento-ansiedad-depresion.com\/blog\/wp-content\/uploads\/2014\/06\/ataques-de-panico-y-depresion.jpg 338w\" sizes=\"(max-width: 200px) 100vw, 200px\" \/><\/a><\/p>\n<p style=\"text-align: justify;\"><span style=\"color: #00d600;\">RESPUESTA<\/span><\/p>\n<p style=\"text-align: justify;\">Llevamos demasiado tiempo pas\u00e1ndolo muy mal y sin que la cosa mejore, es m\u00e1s parece ser que conforme para el tiempo tenemos m\u00e1s ansiedad, problemas para dormir y nuestro estado de \u00e1nimo parece que cada d\u00eda empeora un poco m\u00e1s. Es hora que empecemos a reorganizar nuestra vida. Desde <a title=\"Tratamiento ansiedad depresi\u00f3n- web\" href=\"http:\/\/tratamiento-ansiedad-depresion.com\/\" target=\"_blank\">tratamiento-ansiedad-depresion.com<\/a> queremos orientarte un poco y darte unas pautas b\u00e1sicas para comenzar pero por lo que comentas ser\u00e1 necesario que acudas con un psic\u00f3logo especialista para poder salir de la situaci\u00f3n en la que te encuentras. Ojal\u00e1 con unas l\u00edneas y unas cuantas directrices pudi\u00e9ramos cambiar tanto el rumbo.<\/p>\n<h2 style=\"text-align: justify;\">Plan de activaci\u00f3n<\/h2>\n<p><strong>Ejercicio f\u00edsico semanal<\/strong><\/p>\n<p style=\"text-align: justify;\">Te recomendamos que comiences a practicar ejercicio f\u00edsico de forma continuada con una constancia, el ideal ser\u00eda de forma diaria pero con tres veces por semana unos 40 minutos ya podemos comenzar. El deporte te eliminar\u00e1 la ansiedad quemando toda la tensi\u00f3n que lleves acumulada, generar\u00e1s endorfinas que mejoraran tu estado de \u00e1nimo y adem\u00e1s cansar\u00e1 tu cuerpo para as\u00ed poder dormir mejor por las noches. Tres en uno, con un ejercicio trabajamos la ansiedad, la depresi\u00f3n y el insomnio. Vale mucho la pena.<\/p>\n<p><strong>Activaci\u00f3n social<\/strong><\/p>\n<p style=\"text-align: justify;\">Nos has comentado que en la actualidad tienes amistades, lo que seguramente y m\u00e1s teniendo la idea que \u00abno sabes lo que ven en ti\u00bb es posible que no los veas con mucha frecuencia porque tu estado de \u00e1nimo sea muy bajo o porque te encuentres sin fuerzas. El c\u00edrculo social es b\u00e1sico en estas situaciones. Son personas a las que les importas, y que te valoran. Efectivamente ellos ahora mismo pueden ver lo mucho que vales, por eso siguen a tu lado por lo que no hay nada que nos siente mejor que de tanto en tanto nos recuerden lo mucho que valemos o lo importantes que podemos llegar a ser para los dem\u00e1s.<\/p>\n<p><strong>No te a\u00edsles. Pide ayuda<\/strong><\/p>\n<p style=\"text-align: justify;\">Es algo que a todos nos cuesta enormemente, pedir ayuda. En las ocasiones en las que nos encontramos bajos de \u00e1nimo o con ansiedad tendemos a aislarnos y a no querer ver a nadie. No queremos \u00abmolestar\u00bb al resto con nuestras penas, por lo que llegar a pedir ayuda nos queda muy lejos.<a href=\"https:\/\/tratamiento-ansiedad-depresion.com\/blog\/wp-content\/uploads\/2014\/06\/Pide-ayuda.jpg\"><img loading=\"lazy\" decoding=\"async\" class=\"alignright size-full wp-image-595\" alt=\"Pide ayuda, ansiedad\" src=\"https:\/\/tratamiento-ansiedad-depresion.com\/blog\/wp-content\/uploads\/2014\/06\/Pide-ayuda.jpg\" width=\"254\" height=\"198\" \/><\/a><\/p>\n<p style=\"text-align: justify;\">Simplemente os plantear\u00e9 una cuesti\u00f3n, c\u00f3mo os hab\u00e9is sentido cuando un amigo vuestro ha acudido a vosotros en busca de ayuda o consejo y juntos hab\u00e9is mirado de arreglar su situaci\u00f3n? Os ha molestado vuestro amigo? o por el contrario os sent\u00eds bien porque vuestro amigo ha confiado en vosotros y conjuntamente hab\u00e9is trabajado para solucionar la situaci\u00f3n? \u00bfRealmente pedir ayuda es molestar al otro?<\/p>\n<p style=\"text-align: justify;\"><strong>Higiene del sue\u00f1o. Tratar el insomnio<\/strong><\/p>\n<p style=\"text-align: justify;\">Te dejamos un enlace sobre varias pautas para poder<a title=\"Higiene del sue\u00f1o, tratar el insomnio\" href=\"http:\/\/psicologo-especialista-barcelona.com\/blog\/remedios-para-dormir-insomnio\/\" target=\"_blank\"> tratar el insomnio<\/a> de una forma muy sencilla, mediante lo que se conoce como higiene del sue\u00f1o.<\/p>\n<p style=\"text-align: justify;\"><strong>Comienza a fijarte en todo lo bueno que haces y que te ocurre<\/strong><\/p>\n<p style=\"text-align: justify;\">Es cierto a lo largo de un d\u00eda y esto nos ocurre todos los d\u00edas, tomamos decisiones acertadas, y nos ocurren muchas cosas buenas, lo que ocurre es que normalmente no somos capaces de fijarnos en lo positivo, estamos tan centrados en lo negativo de mi vida que se me pasa todo lo bueno desapercibido. Intenta cuando acabe el d\u00eda coger una libreta y anotar todas las cosas buenas que te hayan pasado en ese d\u00eda. Desde la ducha por la ma\u00f1ana, a la conversaci\u00f3n con tu compa\u00f1era, en men\u00fa del mediod\u00eda, el paseo de la tarde o ese cap\u00edtulo de la serie favorita que has visto. Int\u00e9ntalo, los primeros d\u00edas poco podremos apuntar, porque estamos desentrenados, pero conforme pasen los d\u00edas ya ver\u00e1s c\u00f3mo tu lista aumenta.<\/p>\n<p style=\"text-align: justify;\"><strong>Busca ayuda profesional<\/strong><\/p>\n<p style=\"text-align: justify;\">Con estas pautas b\u00e1sicas y gen\u00e9ricas podemos comenzar levantarnos, pero vas a necesitar una gu\u00eda para poder ir trabajando todos los aspectos de forma m\u00e1s o menos sistem\u00e1tica. Te recomiendo que consultes con un psic\u00f3logo especialista para que te ayude \u00a0poco a poco a ir mejorando en todos los aspectos posibles. No te desanimes que puedes conseguir darle un giro a tu vida de 180 grados.<\/p>\n<p style=\"text-align: center;\">Si quieres participar en el blog y preguntarnos algo, haz click aqu\u00ed.<\/p>\n<p><a href=\"https:\/\/tratamiento-ansiedad-depresion.com\/blog\/asesoramiento-gratuito\/\/\"><img loading=\"lazy\" decoding=\"async\" class=\"aligncenter size-full wp-image-697\" title=\"El psic\u00f3logo contestar\u00e1 tus preguntas\" alt=\"manda-tu-consulta\" src=\"https:\/\/tratamiento-ansiedad-depresion.com\/blog\/wp-content\/uploads\/2013\/11\/asesoramiento-gratuito-button.png\" width=\"200\" height=\"107\" \/><\/a><br \/>\nRub\u00e9n Blasco, Psic\u00f3logo Colegiado N\u00ba 14830.<\/p>\n<p>M\u00e1s informaci\u00f3n en<a href=\"http:\/\/tratamiento-ansiedad-depresion.com\" target=\"_blank\"> tratamiento-ansiedad-depresion.com<\/a><\/p>\n","protected":false},"excerpt":{"rendered":"<p>Ataques de p\u00e1nico y depresi\u00f3n &nbsp; PREGUNTA Hace ya un a\u00f1o y pico que me siento muy deprimida. Puedo estar pas\u00e1ndomelo bien con\u00a0amigos y de repente me entran ganas de llorar. Me dan ataques de ansiedad y p\u00e1nico\u00a0cada vez m\u00e1s frecuentemente. Sobre todo me dan cuando me voy a ir a dormir y me\u00a0acuesto muchas &hellip; <\/p>\n<p><a class=\"more-link btn\" href=\"https:\/\/tratamiento-ansiedad-depresion.com\/blog\/asesoramiento-gratuito\/ataques-de-panico-y-depresion\/\">Continue reading<\/a><\/p>\n","protected":false},"author":1,"featured_media":0,"parent":211,"menu_order":0,"comment_status":"open","ping_status":"open","template":"","meta":{"_monsterinsights_skip_tracking":false,"_monsterinsights_sitenote_active":false,"_monsterinsights_sitenote_note":"","_monsterinsights_sitenote_category":0,"footnotes":""},"class_list":["post-553","page","type-page","status-publish","hentry","nodate","item-wrap"],"aioseo_notices":[],"_links":{"self":[{"href":"https:\/\/tratamiento-ansiedad-depresion.com\/blog\/wp-json\/wp\/v2\/pages\/553"}],"collection":[{"href":"https:\/\/tratamiento-ansiedad-depresion.com\/blog\/wp-json\/wp\/v2\/pages"}],"about":[{"href":"https:\/\/tratamiento-ansiedad-depresion.com\/blog\/wp-json\/wp\/v2\/types\/page"}],"author":[{"embeddable":true,"href":"https:\/\/tratamiento-ansiedad-depresion.com\/blog\/wp-json\/wp\/v2\/users\/1"}],"replies":[{"embeddable":true,"href":"https:\/\/tratamiento-ansiedad-depresion.com\/blog\/wp-json\/wp\/v2\/comments?post=553"}],"version-history":[{"count":19,"href":"https:\/\/tratamiento-ansiedad-depresion.com\/blog\/wp-json\/wp\/v2\/pages\/553\/revisions"}],"predecessor-version":[{"id":684,"href":"https:\/\/tratamiento-ansiedad-depresion.com\/blog\/wp-json\/wp\/v2\/pages\/553\/revisions\/684"}],"up":[{"embeddable":true,"href":"https:\/\/tratamiento-ansiedad-depresion.com\/blog\/wp-json\/wp\/v2\/pages\/211"}],"wp:attachment":[{"href":"https:\/\/tratamiento-ansiedad-depresion.com\/blog\/wp-json\/wp\/v2\/media?parent=553"}],"curies":[{"name":"wp","href":"https:\/\/api.w.org\/{rel}","templated":true}]}}