{"id":538,"date":"2014-06-19T09:43:11","date_gmt":"2014-06-19T09:43:11","guid":{"rendered":"https:\/\/tratamiento-ansiedad-depresion.com\/blog\/?page_id=538"},"modified":"2014-06-19T09:43:11","modified_gmt":"2014-06-19T09:43:11","slug":"como-eliminar-mis-pensamientos-ansiosos","status":"publish","type":"page","link":"https:\/\/tratamiento-ansiedad-depresion.com\/blog\/asesoramiento-gratuito\/como-eliminar-mis-pensamientos-ansiosos\/","title":{"rendered":"C\u00f3mo eliminar mis pensamientos ansiosos"},"content":{"rendered":"<h1 style=\"text-align: center;\">\u00bfC\u00f3mo eliminar mis pensamientos ansiosos?<\/h1>\n<p>&nbsp;<\/p>\n<p style=\"text-align: justify;\"><span style=\"color: #ff9900;\">PREGUNTA<\/span><br \/>\nMi consulta es sobre la ansiedad que me provoca los pensamientos de hacer da\u00f1o a\u00a0mi familia, llevo sobre tres a\u00f1os con trastornos de ansiedad y fui tratado con una\u00a0psic\u00f3loga, mi ansiedad ha ido evolucionando hasta desembocar es esto. La primera vez\u00a0que me ocurri\u00f3 esta situaci\u00f3n fue el peor sentimiento que nunca he sentido,<br \/>\nentonces fue cuando me asuste much\u00edsimo, pero empec\u00e9 a tratarme con la se\u00f1ora y\u00a0no me iba mal pero no me ense\u00f1aba t\u00e9cnicas de como poder cambiar mis pensamientos,\u00a0o dejar de darles tanta importancia, ya que yo no quiero hacer nada as\u00ed, ni mucho\u00a0menos. Ya ha pasado casi 1 a\u00f1o desde que me paso esa situaci\u00f3n y podr\u00eda decir que\u00a0mi vida ha cambiado un poco, es como tener algo ah\u00ed que no te deja estar del todo\u00a0bien, he mejorado y desaparecen d\u00edas, alguna semana, pero no del todo. y es cierto\u00a0que hay veces que me vuelvo a angustiar por lo mismo. Le agradecer\u00eda mucho que me\u00a0ense\u00f1ara alguna forma de cambiar esos pensamientos o simplemente dejarlos ir sin que\u00a0me afectaran de esa\u00a0manera. Un saludo enorme.<\/p>\n<p style=\"text-align: justify;\"><a href=\"https:\/\/tratamiento-ansiedad-depresion.com\/blog\/wp-content\/uploads\/2014\/06\/Pensamientos-ansiososo.jpg\"><img loading=\"lazy\" decoding=\"async\" class=\"aligncenter size-medium wp-image-662\" alt=\"Pensamientos ansiosos\" src=\"https:\/\/tratamiento-ansiedad-depresion.com\/blog\/wp-content\/uploads\/2014\/06\/Pensamientos-ansiososo-300x204.jpg\" width=\"300\" height=\"204\" srcset=\"https:\/\/tratamiento-ansiedad-depresion.com\/blog\/wp-content\/uploads\/2014\/06\/Pensamientos-ansiososo-300x204.jpg 300w, https:\/\/tratamiento-ansiedad-depresion.com\/blog\/wp-content\/uploads\/2014\/06\/Pensamientos-ansiososo.jpg 473w\" sizes=\"(max-width: 300px) 100vw, 300px\" \/><\/a><\/p>\n<p><span style=\"color: #00d600;\">RESPUESTA<\/span><\/p>\n<p style=\"text-align: justify;\">Desde la terapia cognitivo conductual una de las t\u00e9cnicas m\u00e1s importantes consiste en la reestructuraci\u00f3n cognitiva, basada en la terapia racional emotiva de Albert Ellis, m\u00e1s conocida como TREC. Uno de los principales objetivos de esta terapia se basa en identificar lo que se denominan creencias o esquemas disfuncionales de la persona. Un ejemplo de creencia disfuncional de una persona ser\u00eda el <em>\u00abcreerse incapaz\u00bb \u00abcreerse mal padre\/madre\u00bb, \u00abCreer que uno siempre se equivoca\u00bb, \u00absiempre hago el rid\u00edculo\u00bb, etc&#8230;<\/em> Este tipo de creencias o esquemas cognitivos sobre uno mismo son muy determinantes en nuestro d\u00eda a d\u00eda ya que nos van a condicionar y a generar una serie de pensamientos o expectativas ante las situaciones diarias.\u00a0 Veamos un ejemplo:<\/p>\n<p><a href=\"https:\/\/tratamiento-ansiedad-depresion.com\/blog\/wp-content\/uploads\/2014\/06\/pensamintos-autom\u00e1ticos.jpg\"><img loading=\"lazy\" decoding=\"async\" class=\"alignright size-medium wp-image-663\" alt=\"Pensamientos autom\u00e1ticos\" src=\"https:\/\/tratamiento-ansiedad-depresion.com\/blog\/wp-content\/uploads\/2014\/06\/pensamintos-autom\u00e1ticos-300x221.jpg\" width=\"300\" height=\"221\" srcset=\"https:\/\/tratamiento-ansiedad-depresion.com\/blog\/wp-content\/uploads\/2014\/06\/pensamintos-autom\u00e1ticos-300x221.jpg 300w, https:\/\/tratamiento-ansiedad-depresion.com\/blog\/wp-content\/uploads\/2014\/06\/pensamintos-autom\u00e1ticos.jpg 582w\" sizes=\"(max-width: 300px) 100vw, 300px\" \/><\/a><\/p>\n<p style=\"text-align: justify;\">Una persona que se considera incapaz, o poco v\u00e1lida, cuando su jefe en la oficina felicita a un compa\u00f1ero autom\u00e1ticamente piensa, <em>\u00abmi jefe me considera un in\u00fatil, nunca me ha felicitado\u00bb<\/em> e incluso si ve que tambi\u00e9n se acerca a su mesa lo que pensar\u00e1 es&#8230; <em>\u00abuy a m\u00ed me toca bronca\u00bb<\/em> Es decir tenemos tan presentes nuestras creencias que ante cualquier situaci\u00f3n tenderemos a pensar el punto negativo asociado a nuestra creencia. \u00bfPero tenemos pruebas de lo que pensamos? \u00bfLo que anticipamos que nos va a ocurrir nos ocurre finalmente?.\u00a0 Muchas veces directamente evitamos las situaciones y no lo podemos comprobar, y si no ocurre lo que tem\u00edamos le damos una justificaci\u00f3n. Si mi jefe al final resulta que ven\u00eda a felicitarme pensamos algo tipo: <em>\u00bb Hoy he tenido suerte porque est\u00e1 de buen humor, y me ha felicitado porque felicita\u00a0 todos, no es que yo haya hecho nada bien, he de ir con cuidado porque otro d\u00eda seguro que me cae bronca\u00bb<\/em><\/p>\n<h2 style=\"text-align: justify;\">Reestructuraci\u00f3n cognitiva<\/h2>\n<p style=\"text-align: justify;\">Mediante la reestructuraci\u00f3n cognitiva miramos de analizar las creencias disfuncionales que tiene la persona y reformularlas a creencias m\u00e1s adaptativas y realistas del tipo <em>\u00abalguna vez me he equivocado, pero no es lo m\u00e1s frecuente\u00bb, \u00abPuedo mejorar como padre\/madre, pero estoy haci\u00e9ndolo lo mejor posible con mis hijos\u00bb, \u00abCuando hablo no todo el mundo se est\u00e1 fijando en m\u00ed, ni me juzgan\u00a0inmediatamente\u00a0por ello\u00bb<\/em><\/p>\n<p>Dos pilares de la reestructuraci\u00f3n cognitiva son el <strong>cuestionamiento de mis pensamientos<\/strong>, es decir:\u00a0 \u00bfQu\u00e9 pruebas a favor tengo de lo que pienso o estoy anticipando va a ocurrir? \u00bfTengo pruebas en contra? Porque lo piense o se me ocurra es que es cierto? \u00bfEl pensar m\u00e1s algo, va ha hacer m\u00e1s probable que ocurra? \u00bfSi yo pienso muchas veces que puedo hacer da\u00f1o a un familiar o un ser querido esto significa que lo voy a hacer?, \u00bfCu\u00e1ntas veces lo he pensado y cu\u00e1ntas veces he hecho da\u00f1o a alguien? Veremos poco a poco que pensar no es actuar, y que los pensamientos dominan nuestros miedos, pero no nuestros actos. Por mucho que lo piense si no lo deseo, jam\u00e1s lo har\u00e9. <a href=\"https:\/\/tratamiento-ansiedad-depresion.com\/blog\/wp-content\/uploads\/2014\/06\/Cuestionamiento-creencias-disfuncionales.jpg\"><img loading=\"lazy\" decoding=\"async\" class=\"size-medium wp-image-664 aligncenter\" alt=\"Cuestionamiento de creencias\" src=\"https:\/\/tratamiento-ansiedad-depresion.com\/blog\/wp-content\/uploads\/2014\/06\/Cuestionamiento-creencias-disfuncionales-300x176.jpg\" width=\"300\" height=\"176\" srcset=\"https:\/\/tratamiento-ansiedad-depresion.com\/blog\/wp-content\/uploads\/2014\/06\/Cuestionamiento-creencias-disfuncionales-300x176.jpg 300w, https:\/\/tratamiento-ansiedad-depresion.com\/blog\/wp-content\/uploads\/2014\/06\/Cuestionamiento-creencias-disfuncionales.jpg 490w\" sizes=\"(max-width: 300px) 100vw, 300px\" \/><\/a><\/p>\n<p style=\"text-align: justify;\">Otro de los pilares de la reestructuraci\u00f3n cognitiva es el <strong>analizar la utilidad de mis pensamientos<\/strong>: \u00bfqu\u00e9 consigo anticipando esto? \u00bfDe qu\u00e9 me ayuda pensar aquello? \u00bfC\u00f3mo me siento tras estar veinte minutos d\u00e1ndole vueltas? \u00bfTras pensar tanto extraigo conclusiones, o pienso para agobiarme? \u00bfQu\u00e9 otras cosas podr\u00eda hacer m\u00e1s productivas, o que me hagan sentir bien, en lugar de estar pensando lo mismo todo el rato?<\/p>\n<p style=\"text-align: justify;\"><a href=\"https:\/\/tratamiento-ansiedad-depresion.com\/blog\/wp-content\/uploads\/2014\/06\/Utilidad-de-mis-pensamientos.jpg\"><img loading=\"lazy\" decoding=\"async\" class=\"aligncenter size-full wp-image-665\" alt=\"Utilidad de mis pensamientos\" src=\"https:\/\/tratamiento-ansiedad-depresion.com\/blog\/wp-content\/uploads\/2014\/06\/Utilidad-de-mis-pensamientos.jpg\" width=\"300\" height=\"268\" \/><\/a><\/p>\n<p style=\"text-align: justify;\">La <strong>reestructuraci\u00f3n cognitiva<\/strong> es una t\u00e9cnica muy elaborada que bajo la gu\u00eda de un psic\u00f3logo experimentado puede ayudar a las personas a eliminar la base, el esquema cognitivo o creencia de la persona, y de esta manera eliminar todos estos pensamientos ansiosos que nos invaden constantemente.<\/p>\n<p style=\"text-align: center;\">Si quieres participar en el blog y preguntarnos algo, haz click aqu\u00ed.<\/p>\n<p><a href=\"https:\/\/tratamiento-ansiedad-depresion.com\/blog\/asesoramiento-gratuito\/\/\"><img loading=\"lazy\" decoding=\"async\" class=\"aligncenter size-full wp-image-697\" title=\"El psic\u00f3logo contestar\u00e1 tus preguntas\" alt=\"manda-tu-consulta\" src=\"https:\/\/tratamiento-ansiedad-depresion.com\/blog\/wp-content\/uploads\/2013\/11\/asesoramiento-gratuito-button.png\" width=\"200\" height=\"107\" \/><\/a><br \/>\nRub\u00e9n Blasco, Psic\u00f3logo Colegiado N\u00ba 14830.<\/p>\n<p>M\u00e1s informaci\u00f3n en<a href=\"http:\/\/tratamiento-ansiedad-depresion.com\" target=\"_blank\"> tratamiento-ansiedad-depresion.com<\/a><\/p>\n","protected":false},"excerpt":{"rendered":"<p>\u00bfC\u00f3mo eliminar mis pensamientos ansiosos? &nbsp; PREGUNTA Mi consulta es sobre la ansiedad que me provoca los pensamientos de hacer da\u00f1o a\u00a0mi familia, llevo sobre tres a\u00f1os con trastornos de ansiedad y fui tratado con una\u00a0psic\u00f3loga, mi ansiedad ha ido evolucionando hasta desembocar es esto. La primera vez\u00a0que me ocurri\u00f3 esta situaci\u00f3n fue el peor &hellip; <\/p>\n<p><a class=\"more-link btn\" href=\"https:\/\/tratamiento-ansiedad-depresion.com\/blog\/asesoramiento-gratuito\/como-eliminar-mis-pensamientos-ansiosos\/\">Continue reading<\/a><\/p>\n","protected":false},"author":1,"featured_media":0,"parent":211,"menu_order":0,"comment_status":"open","ping_status":"open","template":"","meta":{"_monsterinsights_skip_tracking":false,"_monsterinsights_sitenote_active":false,"_monsterinsights_sitenote_note":"","_monsterinsights_sitenote_category":0,"footnotes":""},"class_list":["post-538","page","type-page","status-publish","hentry","nodate","item-wrap"],"aioseo_notices":[],"_links":{"self":[{"href":"https:\/\/tratamiento-ansiedad-depresion.com\/blog\/wp-json\/wp\/v2\/pages\/538"}],"collection":[{"href":"https:\/\/tratamiento-ansiedad-depresion.com\/blog\/wp-json\/wp\/v2\/pages"}],"about":[{"href":"https:\/\/tratamiento-ansiedad-depresion.com\/blog\/wp-json\/wp\/v2\/types\/page"}],"author":[{"embeddable":true,"href":"https:\/\/tratamiento-ansiedad-depresion.com\/blog\/wp-json\/wp\/v2\/users\/1"}],"replies":[{"embeddable":true,"href":"https:\/\/tratamiento-ansiedad-depresion.com\/blog\/wp-json\/wp\/v2\/comments?post=538"}],"version-history":[{"count":13,"href":"https:\/\/tratamiento-ansiedad-depresion.com\/blog\/wp-json\/wp\/v2\/pages\/538\/revisions"}],"predecessor-version":[{"id":671,"href":"https:\/\/tratamiento-ansiedad-depresion.com\/blog\/wp-json\/wp\/v2\/pages\/538\/revisions\/671"}],"up":[{"embeddable":true,"href":"https:\/\/tratamiento-ansiedad-depresion.com\/blog\/wp-json\/wp\/v2\/pages\/211"}],"wp:attachment":[{"href":"https:\/\/tratamiento-ansiedad-depresion.com\/blog\/wp-json\/wp\/v2\/media?parent=538"}],"curies":[{"name":"wp","href":"https:\/\/api.w.org\/{rel}","templated":true}]}}