{"id":522,"date":"2014-06-11T10:09:57","date_gmt":"2014-06-11T10:09:57","guid":{"rendered":"https:\/\/tratamiento-ansiedad-depresion.com\/blog\/?page_id=522"},"modified":"2014-06-13T10:20:07","modified_gmt":"2014-06-13T10:20:07","slug":"insomnio-depresion","status":"publish","type":"page","link":"https:\/\/tratamiento-ansiedad-depresion.com\/blog\/asesoramiento-gratuito\/insomnio-depresion\/","title":{"rendered":"Insomnio y Depresi\u00f3n"},"content":{"rendered":"<h1 style=\"text-align: center;\">Insomnio y Depresi\u00f3n<\/h1>\n<p>&nbsp;<\/p>\n<p style=\"text-align: justify;\"><span style=\"color: #ff9900;\">PREGUNTA<\/span><br \/>\nBuenos d\u00edas!!!<\/p>\n<p style=\"text-align: justify;\">\u00daltimamente estoy pasando unos momentos dif\u00edciles debido a que a un familiar le han detectado una enfermedad. Por culpa de eso, tengo problemas para dormir, he probado con medicinas naturales pero no me han dado resultado. Mi m\u00e9dica de cabecera me recet\u00f3 Sedotime, y llevo 10 d\u00edas tom\u00e1ndola y me ha dado resultado, aunque por el d\u00eda me encuentro tambi\u00e9n bastante cansada. Yo lo que no quiero es coger adicci\u00f3n, y quer\u00eda ir ya dej\u00e1ndolas de tomar.<br \/>\nAyer volv\u00ed a mi m\u00e9dica y como cree que tengo algo de depresi\u00f3n me recet\u00f3 tambi\u00e9n Citalopram, que tomara media durante 6 d\u00edas y luego una entera, y que siguiera con el Sedotime. Yo es que no creo que tenga depresi\u00f3n, si que estoy pasando un mal momento por la situaci\u00f3n, pero creo que es normal, entonces no s\u00e9 si tomar el Citalopram o no; y tampoco como intentar dejar el Sedotime.<br \/>\nSi me pod\u00e9is ayudar&#8230; es que mi m\u00e9dica es un poco rarilla&#8230;<br \/>\nMuchas gracias.<\/p>\n<p style=\"text-align: justify;\"><a href=\"https:\/\/tratamiento-ansiedad-depresion.com\/blog\/wp-content\/uploads\/2014\/05\/insomnio-y-depresi\u00f3n.jpg\"><img loading=\"lazy\" decoding=\"async\" class=\"aligncenter size-medium wp-image-525\" alt=\"Insomnio y depresi\u00f3n\" src=\"https:\/\/tratamiento-ansiedad-depresion.com\/blog\/wp-content\/uploads\/2014\/05\/insomnio-y-depresi\u00f3n-300x208.jpg\" width=\"300\" height=\"208\" srcset=\"https:\/\/tratamiento-ansiedad-depresion.com\/blog\/wp-content\/uploads\/2014\/05\/insomnio-y-depresi\u00f3n-300x208.jpg 300w, https:\/\/tratamiento-ansiedad-depresion.com\/blog\/wp-content\/uploads\/2014\/05\/insomnio-y-depresi\u00f3n.jpg 416w\" sizes=\"(max-width: 300px) 100vw, 300px\" \/><\/a><\/p>\n<p style=\"text-align: justify;\"><span style=\"color: #00d600;\">RESPUESTA<\/span><\/p>\n<p style=\"text-align: justify;\">Para mirar de intentar dejar de tomar el Sedotime, lo mejor es que lo consultes con tu doctora, ya que es importante dejarlo cuando tus niveles de ansiedad sean controlables para que no persista tu insomnio y a la par se debe dejar el f\u00e1rmaco de forma progresiva para evitar el posible efecto rebote. Le efecto rebote de los ansiol\u00edticos es el sentir m\u00e1s ansiedad al dejar el f\u00e1rmaco que al inicio de tener que tomarlo. Generalmente es debido por una retirada brusca de \u00e9ste.<\/p>\n<p style=\"text-align: justify;\">En relaci\u00f3n al insomnio te dejamos este enlace sobre los<a title=\"Tipos de insomnio\" href=\"http:\/\/psicologo-especialista-barcelona.com\/blog\/ansiedad-e-insomnio\/\" target=\"_blank\"> tipos de insomnio<\/a>\u00a0y qu\u00e9 papel juega la ansiedad y la depresi\u00f3n en los problemas del sue\u00f1o. Debido a que podemos presentar problemas de insomnio tanto por ansiedad como por tener un estado de \u00e1nimo deprimido.<\/p>\n<p style=\"text-align: justify;\">Tambi\u00e9n recomendarte este art\u00edculo sobre diferentes <a title=\"Remedios para dormir\" href=\"http:\/\/psicologo-especialista-barcelona.com\/blog\/remedios-para-dormir\/\" target=\"_blank\">remedios para dormir<\/a>. Donde se explican diversos consejos a nivel psicol\u00f3gico de h\u00e1bitos de higiene del sue\u00f1o que te ayudar\u00e1n con tu insomnio.<\/p>\n<p style=\"text-align: justify;\">Por otro lado, el Citalopram es un antidepresivo que en ning\u00fan caso te va a suponer un riesgo el tomarlo o el dejar de hacerlo. Por lo que puedes probar de tomarlo y si vieras que no te acaba de hacer efecto dejarlo. Eso s\u00ed has de tener en cuenta que el Citalopram como el resto de antidepresivos no comienzan a hacer efecto hasta pasados 15 d\u00edas. Deber\u00edas valorar si tus problemas de insomnio viene por la ansiedad o por tu estado de \u00e1nimo.<\/p>\n<p style=\"text-align: justify;\">Espero que puedas ir encontr\u00e1ndote cada vez mejor<\/p>\n<p style=\"text-align: center;\">Si quieres participar en el blog y preguntarnos algo, haz click aqu\u00ed.<\/p>\n<p><a href=\"https:\/\/tratamiento-ansiedad-depresion.com\/blog\/asesoramiento-gratuito\/\/\"><img loading=\"lazy\" decoding=\"async\" class=\"aligncenter size-full wp-image-697\" title=\"El psic\u00f3logo contestar\u00e1 tus preguntas\" alt=\"manda-tu-consulta\" src=\"https:\/\/tratamiento-ansiedad-depresion.com\/blog\/wp-content\/uploads\/2013\/11\/asesoramiento-gratuito-button.png\" width=\"200\" height=\"107\" \/><\/a><br \/>\nRub\u00e9n Blasco, Psic\u00f3logo Colegiado N\u00ba 14830.<\/p>\n<p>M\u00e1s informaci\u00f3n en<a href=\"http:\/\/tratamiento-ansiedad-depresion.com\" target=\"_blank\"> tratamiento-ansiedad-depresion.com<\/a><\/p>\n","protected":false},"excerpt":{"rendered":"<p>Insomnio y Depresi\u00f3n &nbsp; PREGUNTA Buenos d\u00edas!!! \u00daltimamente estoy pasando unos momentos dif\u00edciles debido a que a un familiar le han detectado una enfermedad. Por culpa de eso, tengo problemas para dormir, he probado con medicinas naturales pero no me han dado resultado. Mi m\u00e9dica de cabecera me recet\u00f3 Sedotime, y llevo 10 d\u00edas tom\u00e1ndola &hellip; <\/p>\n<p><a class=\"more-link btn\" href=\"https:\/\/tratamiento-ansiedad-depresion.com\/blog\/asesoramiento-gratuito\/insomnio-depresion\/\">Continue reading<\/a><\/p>\n","protected":false},"author":1,"featured_media":0,"parent":211,"menu_order":0,"comment_status":"open","ping_status":"open","template":"","meta":{"_monsterinsights_skip_tracking":false,"_monsterinsights_sitenote_active":false,"_monsterinsights_sitenote_note":"","_monsterinsights_sitenote_category":0,"footnotes":""},"class_list":["post-522","page","type-page","status-publish","hentry","nodate","item-wrap"],"aioseo_notices":[],"_links":{"self":[{"href":"https:\/\/tratamiento-ansiedad-depresion.com\/blog\/wp-json\/wp\/v2\/pages\/522"}],"collection":[{"href":"https:\/\/tratamiento-ansiedad-depresion.com\/blog\/wp-json\/wp\/v2\/pages"}],"about":[{"href":"https:\/\/tratamiento-ansiedad-depresion.com\/blog\/wp-json\/wp\/v2\/types\/page"}],"author":[{"embeddable":true,"href":"https:\/\/tratamiento-ansiedad-depresion.com\/blog\/wp-json\/wp\/v2\/users\/1"}],"replies":[{"embeddable":true,"href":"https:\/\/tratamiento-ansiedad-depresion.com\/blog\/wp-json\/wp\/v2\/comments?post=522"}],"version-history":[{"count":11,"href":"https:\/\/tratamiento-ansiedad-depresion.com\/blog\/wp-json\/wp\/v2\/pages\/522\/revisions"}],"predecessor-version":[{"id":606,"href":"https:\/\/tratamiento-ansiedad-depresion.com\/blog\/wp-json\/wp\/v2\/pages\/522\/revisions\/606"}],"up":[{"embeddable":true,"href":"https:\/\/tratamiento-ansiedad-depresion.com\/blog\/wp-json\/wp\/v2\/pages\/211"}],"wp:attachment":[{"href":"https:\/\/tratamiento-ansiedad-depresion.com\/blog\/wp-json\/wp\/v2\/media?parent=522"}],"curies":[{"name":"wp","href":"https:\/\/api.w.org\/{rel}","templated":true}]}}