{"id":462,"date":"2014-04-11T08:12:21","date_gmt":"2014-04-11T08:12:21","guid":{"rendered":"https:\/\/tratamiento-ansiedad-depresion.com\/blog\/?page_id=462"},"modified":"2014-06-13T10:22:34","modified_gmt":"2014-06-13T10:22:34","slug":"dejar-de-tomar-ansioliticos","status":"publish","type":"page","link":"https:\/\/tratamiento-ansiedad-depresion.com\/blog\/asesoramiento-gratuito\/dejar-de-tomar-ansioliticos\/","title":{"rendered":"Quiero dejar de tomar ansiol\u00edticos"},"content":{"rendered":"<h1 style=\"text-align: center;\">Quiero dejar de tomar ansiol\u00edticos<\/h1>\n<p>&nbsp;<\/p>\n<p><span style=\"color: #ff9900;\">PREGUNTA<\/span><\/p>\n<p style=\"text-align: justify;\">Quiero dejar de tomar ansiol\u00edticos pero no s\u00e9 c\u00f3mo hacerlo.<br \/>\nLes informo que estoy tomando las pastillas Clonazepan desde 1999.La raz\u00f3n\u00a0por la que empec\u00e9 a tomarlos es porque tuve un accidente automovil\u00edstico en el cual\u00a0yo tuve la culpa y se lesion\u00f3 una persona muy duro. El seguro del autom\u00f3vil\u00a0no me cubr\u00eda gran cosa y a esto le agregamos que ten\u00eda muchos problemas con\u00a0mi esposo por su alcoholismo. Estuve casada con \u00e9l por 20 a\u00f1os, tuve tres\u00a0hijos de edades 16,18 y 26 a\u00f1os. ME DIVORCI\u00c9 EN EL 2008 fue un\u00a0tr\u00e1mite muy dif\u00edcil y estresante, el Juez me dio la custodia de mis hijas y\u00a0el Papa de ellas jam\u00e1s les dio manutenci\u00f3n, as\u00ed que me toc\u00f3 trabajar m\u00e1s\u00a0duro para mantenerlas y enfrentarme a las rebeld\u00edas de dos adolescentes que\u00a0no es f\u00e1cil. Despu\u00e9s de mi divorcio me enter\u00e9 que mi ex marido era bisexual.<\/p>\n<p><a href=\"https:\/\/tratamiento-ansiedad-depresion.com\/blog\/wp-content\/uploads\/2014\/04\/dejar-de-tomar-ansiol\u00edticos.jpg\"><img loading=\"lazy\" decoding=\"async\" class=\"aligncenter size-medium wp-image-464\" alt=\"Dejar de tomar ansiol\u00edticos\" src=\"https:\/\/tratamiento-ansiedad-depresion.com\/blog\/wp-content\/uploads\/2014\/04\/dejar-de-tomar-ansiol\u00edticos-300x197.jpg\" width=\"300\" height=\"197\" srcset=\"https:\/\/tratamiento-ansiedad-depresion.com\/blog\/wp-content\/uploads\/2014\/04\/dejar-de-tomar-ansiol\u00edticos-300x197.jpg 300w, https:\/\/tratamiento-ansiedad-depresion.com\/blog\/wp-content\/uploads\/2014\/04\/dejar-de-tomar-ansiol\u00edticos.jpg 400w\" sizes=\"(max-width: 300px) 100vw, 300px\" \/><\/a><br \/>\n<span style=\"color: #00d600;\">RESPUESTA<\/span><\/p>\n<p style=\"text-align: justify;\">Los ansiol\u00edticos son unos f\u00e1rmacos que se recetan con suma facilidad, y que de forma inicial parecen ser la soluci\u00f3n definitiva a mis problemas de ansiedad. Pero a la larga se convierten en parte de mi problema de ansiedad. Conviene no estar tomando ansiol\u00edticos por m\u00e1s de dos meses, ya que de lo contrario se producir\u00e1 el efecto de tolerancia al f\u00e1rmaco y a misma dosis el ansiol\u00edtico dejar\u00e1 de hacernos efecto, por lo que necesitaremos tomar m\u00e1s ansiol\u00edticos para notar los mismos efectos. Este proceso al cabo del tiempo lo acaba generando una fuerte dependencia al f\u00e1rmaco.<\/p>\n<h2 style=\"text-align: justify;\">\u00bfC\u00f3mo dejar de tomar ansiol\u00edticos?<\/h2>\n<p style=\"text-align: justify;\">Para poder dejar los ansiol\u00edticos debemos haber aprendido a manejar y controlar nuestra ansiedad, la terapia psicol\u00f3gica resulta muy efectiva, especialmente la cognitivo conductual. Ya que los ansiol\u00edticos no curan, alivian de forma temporal, por lo que si dejo de tomarlos y no tengo otras herramientas con las que combatir la ansiedad, volver\u00e9 a encontrarme igual de mi ansiedad o incluso peor, que el primer d\u00eda que comenc\u00e9 a tomar la medicaci\u00f3n. \u00a0Por ello los pasos ser\u00eda los siguientes:<\/p>\n<ol style=\"text-align: justify;\">\n<li>Aprender <strong>t\u00e9cnicas de control de mi ansiedad<\/strong> (t\u00e9cnicas de relajaci\u00f3n, respiraci\u00f3n, aprender a detener mis pensamientos recurrentes, aprender t\u00e9cnicas de control de est\u00edmulos, reestructuraci\u00f3n cognitiva&#8230;cada psic\u00f3logo ense\u00f1ar\u00e1 las herramientas m\u00e1s adecuadas para cada persona en particular.<\/li>\n<li><strong>Contrastar mi mejor\u00eda<\/strong> respecto a mi ansiedad comprobando que durante un m\u00ednimo de un par de semanas mis niveles de ansiedad son muy bajos. Si tienes dudas, contrasta con tu psic\u00f3logo si est\u00e1s preparado para comenzar a retirar los f\u00e1rmacos.<\/li>\n<li>Consultar con mi psiquiatra la reducci\u00f3n progresiva de medicaci\u00f3n, es en \u00faltima instancia el responsable de la medicaci\u00f3n y quien tiene la \u00faltima palabra para recetar medicaci\u00f3n o retirarla. Es muy importante que sea de forma <strong>progresiva.<\/strong><\/li>\n<li>Mantenimiento en esta fase la persona ya no toma ning\u00fan ansiol\u00edtico, y sigue aplicando las t\u00e9cnicas y herramientas aprendidas en terapia para manejar por s\u00ed mismo la ansiedad.<\/li>\n<\/ol>\n<h2 style=\"text-align: justify;\">\u00bfQu\u00e9 es el efecto rebote de los ansiol\u00edticos?<\/h2>\n<p style=\"text-align: justify;\">El efecto rebote de los ansiol\u00edticos consiste en las sensaciones de ansiedad que experimenta la persona al dejar la medicaci\u00f3n. Es frecuente que se de este efecto rebote especialmente si la medicaci\u00f3n no se retira de forma progresiva. El efecto rebote viene dado por dos causas principalmente. La ansiedad de la persona sube porque por un lado deja de tomar una medicaci\u00f3n y por el otro los ansiol\u00edticos generan una cierta dependencia, por lo que se a\u00f1ade el s\u00edndrome de abstinencia al ansiol\u00edtico lo que hace que la ansiedad experimentada por la persona sea mucho m\u00e1s elevada. Debido a esto es muy importante que la medicaci\u00f3n se vaya reduciendo de forma progresiva, para de esta manera minimizar el periodo de abstinencia al f\u00e1rmaco. Y si adem\u00e1s la persona conoce herramientas o tiene recursos parar manejar la ansiedad el efecto rebote ser\u00e1 m\u00ednimo.<\/p>\n<p style=\"text-align: center;\">Si quieres participar en el blog y preguntarnos algo, haz click aqu\u00ed.<\/p>\n<p><a href=\"https:\/\/tratamiento-ansiedad-depresion.com\/blog\/asesoramiento-gratuito\/\/\"><img loading=\"lazy\" decoding=\"async\" class=\"aligncenter size-full wp-image-697\" title=\"El psic\u00f3logo contestar\u00e1 tus preguntas\" alt=\"manda-tu-consulta\" src=\"https:\/\/tratamiento-ansiedad-depresion.com\/blog\/wp-content\/uploads\/2013\/11\/asesoramiento-gratuito-button.png\" width=\"200\" height=\"107\" \/><\/a><br \/>\nRub\u00e9n Blasco, Psic\u00f3logo Colegiado N\u00ba 14830.<\/p>\n<p>M\u00e1s informaci\u00f3n en<a href=\"http:\/\/tratamiento-ansiedad-depresion.com\" target=\"_blank\"> tratamiento-ansiedad-depresion.com<\/a><\/p>\n","protected":false},"excerpt":{"rendered":"<p>Quiero dejar de tomar ansiol\u00edticos &nbsp; PREGUNTA Quiero dejar de tomar ansiol\u00edticos pero no s\u00e9 c\u00f3mo hacerlo. Les informo que estoy tomando las pastillas Clonazepan desde 1999.La raz\u00f3n\u00a0por la que empec\u00e9 a tomarlos es porque tuve un accidente automovil\u00edstico en el cual\u00a0yo tuve la culpa y se lesion\u00f3 una persona muy duro. El seguro del &hellip; <\/p>\n<p><a class=\"more-link btn\" href=\"https:\/\/tratamiento-ansiedad-depresion.com\/blog\/asesoramiento-gratuito\/dejar-de-tomar-ansioliticos\/\">Continue reading<\/a><\/p>\n","protected":false},"author":1,"featured_media":0,"parent":211,"menu_order":0,"comment_status":"open","ping_status":"open","template":"","meta":{"_monsterinsights_skip_tracking":false,"_monsterinsights_sitenote_active":false,"_monsterinsights_sitenote_note":"","_monsterinsights_sitenote_category":0,"footnotes":""},"class_list":["post-462","page","type-page","status-publish","hentry","nodate","item-wrap"],"aioseo_notices":[],"_links":{"self":[{"href":"https:\/\/tratamiento-ansiedad-depresion.com\/blog\/wp-json\/wp\/v2\/pages\/462"}],"collection":[{"href":"https:\/\/tratamiento-ansiedad-depresion.com\/blog\/wp-json\/wp\/v2\/pages"}],"about":[{"href":"https:\/\/tratamiento-ansiedad-depresion.com\/blog\/wp-json\/wp\/v2\/types\/page"}],"author":[{"embeddable":true,"href":"https:\/\/tratamiento-ansiedad-depresion.com\/blog\/wp-json\/wp\/v2\/users\/1"}],"replies":[{"embeddable":true,"href":"https:\/\/tratamiento-ansiedad-depresion.com\/blog\/wp-json\/wp\/v2\/comments?post=462"}],"version-history":[{"count":15,"href":"https:\/\/tratamiento-ansiedad-depresion.com\/blog\/wp-json\/wp\/v2\/pages\/462\/revisions"}],"predecessor-version":[{"id":613,"href":"https:\/\/tratamiento-ansiedad-depresion.com\/blog\/wp-json\/wp\/v2\/pages\/462\/revisions\/613"}],"up":[{"embeddable":true,"href":"https:\/\/tratamiento-ansiedad-depresion.com\/blog\/wp-json\/wp\/v2\/pages\/211"}],"wp:attachment":[{"href":"https:\/\/tratamiento-ansiedad-depresion.com\/blog\/wp-json\/wp\/v2\/media?parent=462"}],"curies":[{"name":"wp","href":"https:\/\/api.w.org\/{rel}","templated":true}]}}