{"id":457,"date":"2014-04-24T16:28:22","date_gmt":"2014-04-24T16:28:22","guid":{"rendered":"https:\/\/tratamiento-ansiedad-depresion.com\/blog\/?page_id=457"},"modified":"2014-06-13T10:19:34","modified_gmt":"2014-06-13T10:19:34","slug":"tratamiento-psicologico-toc","status":"publish","type":"page","link":"https:\/\/tratamiento-ansiedad-depresion.com\/blog\/asesoramiento-gratuito\/tratamiento-psicologico-toc\/","title":{"rendered":"Cu\u00e1l es el mejor tratamiento psicol\u00f3gico para el TOC"},"content":{"rendered":"<h1 style=\"text-align: center;\">Cu\u00e1l es el mejor tratamiento psicol\u00f3gico para el TOC<\/h1>\n<p>&nbsp;<\/p>\n<p><span style=\"color: #ff9900;\">PREGUNTA<\/span><\/p>\n<p style=\"text-align: justify;\">Deseo preguntar en el blog: Padezco TOC y tengo mucho miedo a hacer da\u00f1o a mi hija de tres a\u00f1os de edad. Me pongo\u00a0nerviosa y veo im\u00e1genes de que se golpea. Estoy tomando medicaci\u00f3n \u00a0Lexatin 1.5 mg desde hace ya tres a\u00f1os y\u00a0ahora estoy tomando Escitalopram 15 mg. Pero no \u00a0estoy mejor,, no encuentro mejor\u00eda. Ya no puedo m\u00e1s. Cu\u00e1l es el mejor tratamiento para mi caso? Muchas gracias.<\/p>\n<p style=\"text-align: justify;\"><a href=\"https:\/\/tratamiento-ansiedad-depresion.com\/blog\/wp-content\/uploads\/2014\/04\/tratamiento-psicologico.jpg\"><img loading=\"lazy\" decoding=\"async\" class=\"aligncenter size-full wp-image-477\" alt=\"Tratamiento psicol\u00f3gico\" src=\"https:\/\/tratamiento-ansiedad-depresion.com\/blog\/wp-content\/uploads\/2014\/04\/tratamiento-psicologico.jpg\" width=\"300\" height=\"300\" srcset=\"https:\/\/tratamiento-ansiedad-depresion.com\/blog\/wp-content\/uploads\/2014\/04\/tratamiento-psicologico.jpg 300w, https:\/\/tratamiento-ansiedad-depresion.com\/blog\/wp-content\/uploads\/2014\/04\/tratamiento-psicologico-150x150.jpg 150w\" sizes=\"(max-width: 300px) 100vw, 300px\" \/><\/a><\/p>\n<p><span style=\"color: #00d600;\">RESPUESTA<\/span><\/p>\n<p style=\"text-align: justify;\">El TOC es uno de los trastornos de ansiedad m\u00e1s resistente a los tratamientos, especialmente a los tratamientos farmacol\u00f3gicos debido a su componente recurrente y obsesivo. En ocasiones algunos f\u00e1rmacos han mostrado efectos positivos administrados en dosis elevadas como el Anafranil a dosis altas o la Paroxetina, pero no en todos los casos. El tratamiento que ha mostrado mejores resultados hasta la fecha ha sido el tratamiento psicol\u00f3gico, concretamente la terapia cognitivo conductual, veamos un poco en qu\u00e9 consiste el tratamiento del TOC.<\/p>\n<h2 style=\"text-align: justify;\">Los fundamentos del TOC<\/h2>\n<p style=\"text-align: justify;\">La base fundamental del TOC son las obsesiones y las compulsiones. Es decir, la persona tiene un pensamiento recurrente con un componente importante de ansiedad o estr\u00e9s como por ejemplo: \u00abme he dejado la puerta del coche abierta\u00bb. Este pensamiento me genera mucha ansiedad, ya que me pueden acabar robando el coche si est\u00e1 abierto; as\u00ed que autom\u00e1ticamente me viene la compulsi\u00f3n, es decir el acto de comprobaci\u00f3n que har\u00e1 que mi pensamiento \u00abme he dejado la puerta del coche abierta\u00bb desaparezca. Esto no es as\u00ed. El acercarme al coche y volver a abrir y cerrar el coche (porque evidentemente ya lo hab\u00eda cerrado antes) en lugar de generar alivio me vuelve a introducir en el c\u00edrculo vicioso de: \u00ablo he cerrado bien? o ahora al mirarlo me lo he dejado abierto?\u00bb a lo cual me vuelvo a sentir ansioso volviendo a tener ganas de realizar mi compulsi\u00f3n : comprobar si me he dejado el coche abierto. Este proceso de ansiedad y comprobaciones se puede repetir durante minutos incluso horas en funci\u00f3n del TOC de la persona.<\/p>\n<h2 style=\"text-align: justify;\"><span style=\"font-size: 18px;\">Exposici\u00f3n con prevenci\u00f3n de respuesta en el TOC<\/span><\/h2>\n<p>\u00bfQu\u00e9 es lo que podemos hacer para romper ese c\u00edrculo vicioso de obsesi\u00f3n y compulsi\u00f3n? El tratamiento psicol\u00f3gico que m\u00e1s \u00e9xito ha mostrado es la exposici\u00f3n con prevenci\u00f3n de respuesta de la terapia cognitivo conductual. Veamos paso a paso en qu\u00e9 consiste.<\/p>\n<ol>\n<li>Primeramente tenemos que ayudar a la persona y dotarla de herramientas para poder manejar de forma m\u00e1s eficaz su ansiedad, especialmente ante los est\u00edmulos obsesivos.<\/li>\n<li>Seguidamente pasamos a exponer a la persona a sus obsesiones o temores recurrentes<\/li>\n<li>Ayudamos a la persona a que pueda manejar su ansiedad a la par que prevenimos cualquier posible respuesta compulsiva de comprobaci\u00f3n o ritualizada.<\/li>\n<\/ol>\n<p style=\"text-align: justify;\">Este procedimiento terap\u00e9utico altamente simplificado en estos tres pasos representa un gran reto para la persona que padece TOC, ya que supone el romper con su ciclo de obsesiones y compulsiones. Este tratamiento es muy importante que pueda ser llevado a cabo por un psic\u00f3logo especialista en este tipo de problem\u00e1ticas ya que no es de sencilla aplicaci\u00f3n y la persona que padece el TOC puede sufrir mucha ansiedad durante su tratamiento, si no se aplica debidamente.<\/p>\n<p>&nbsp;<\/p>\n<p style=\"text-align: center;\">Si quieres participar en el blog y preguntarnos algo, haz click aqu\u00ed.<\/p>\n<p><a href=\"https:\/\/tratamiento-ansiedad-depresion.com\/blog\/asesoramiento-gratuito\/\/\"><img loading=\"lazy\" decoding=\"async\" class=\"aligncenter size-full wp-image-697\" title=\"El psic\u00f3logo contestar\u00e1 tus preguntas\" alt=\"manda-tu-consulta\" src=\"https:\/\/tratamiento-ansiedad-depresion.com\/blog\/wp-content\/uploads\/2013\/11\/asesoramiento-gratuito-button.png\" width=\"200\" height=\"107\" \/><\/a><br \/>\nRub\u00e9n Blasco, Psic\u00f3logo Colegiado N\u00ba 14830.<\/p>\n<p>M\u00e1s informaci\u00f3n en<a href=\"http:\/\/tratamiento-ansiedad-depresion.com\" target=\"_blank\"> tratamiento-ansiedad-depresion.com<\/a><\/p>\n","protected":false},"excerpt":{"rendered":"<p>Cu\u00e1l es el mejor tratamiento psicol\u00f3gico para el TOC &nbsp; PREGUNTA Deseo preguntar en el blog: Padezco TOC y tengo mucho miedo a hacer da\u00f1o a mi hija de tres a\u00f1os de edad. Me pongo\u00a0nerviosa y veo im\u00e1genes de que se golpea. Estoy tomando medicaci\u00f3n \u00a0Lexatin 1.5 mg desde hace ya tres a\u00f1os y\u00a0ahora estoy &hellip; <\/p>\n<p><a class=\"more-link btn\" href=\"https:\/\/tratamiento-ansiedad-depresion.com\/blog\/asesoramiento-gratuito\/tratamiento-psicologico-toc\/\">Continue reading<\/a><\/p>\n","protected":false},"author":1,"featured_media":0,"parent":211,"menu_order":0,"comment_status":"open","ping_status":"open","template":"","meta":{"_monsterinsights_skip_tracking":false,"_monsterinsights_sitenote_active":false,"_monsterinsights_sitenote_note":"","_monsterinsights_sitenote_category":0,"footnotes":""},"class_list":["post-457","page","type-page","status-publish","hentry","nodate","item-wrap"],"aioseo_notices":[],"_links":{"self":[{"href":"https:\/\/tratamiento-ansiedad-depresion.com\/blog\/wp-json\/wp\/v2\/pages\/457"}],"collection":[{"href":"https:\/\/tratamiento-ansiedad-depresion.com\/blog\/wp-json\/wp\/v2\/pages"}],"about":[{"href":"https:\/\/tratamiento-ansiedad-depresion.com\/blog\/wp-json\/wp\/v2\/types\/page"}],"author":[{"embeddable":true,"href":"https:\/\/tratamiento-ansiedad-depresion.com\/blog\/wp-json\/wp\/v2\/users\/1"}],"replies":[{"embeddable":true,"href":"https:\/\/tratamiento-ansiedad-depresion.com\/blog\/wp-json\/wp\/v2\/comments?post=457"}],"version-history":[{"count":21,"href":"https:\/\/tratamiento-ansiedad-depresion.com\/blog\/wp-json\/wp\/v2\/pages\/457\/revisions"}],"predecessor-version":[{"id":604,"href":"https:\/\/tratamiento-ansiedad-depresion.com\/blog\/wp-json\/wp\/v2\/pages\/457\/revisions\/604"}],"up":[{"embeddable":true,"href":"https:\/\/tratamiento-ansiedad-depresion.com\/blog\/wp-json\/wp\/v2\/pages\/211"}],"wp:attachment":[{"href":"https:\/\/tratamiento-ansiedad-depresion.com\/blog\/wp-json\/wp\/v2\/media?parent=457"}],"curies":[{"name":"wp","href":"https:\/\/api.w.org\/{rel}","templated":true}]}}