{"id":349,"date":"2014-03-04T12:34:44","date_gmt":"2014-03-04T12:34:44","guid":{"rendered":"https:\/\/tratamiento-ansiedad-depresion.com\/blog\/?page_id=349"},"modified":"2014-06-13T10:23:25","modified_gmt":"2014-06-13T10:23:25","slug":"ansiedad-y-estres","status":"publish","type":"page","link":"https:\/\/tratamiento-ansiedad-depresion.com\/blog\/asesoramiento-gratuito\/ansiedad-y-estres\/","title":{"rendered":"\u00bfQu\u00e9 me ocurre? Ansiedad y Estr\u00e9s"},"content":{"rendered":"<p>&nbsp;<\/p>\n<h1 style=\"text-align: center;\">\u00bfQu\u00e9 me ocurre? Ansiedad y Estr\u00e9s<\/h1>\n<p><span style=\"color: #ff9900;\">PREGUNTA<\/span><br \/>\nDesde hace un a\u00f1o he notado que algo no funciona bien. Tengo dolor de cabeza recurrente sobre todo por las ma\u00f1anas y las noches, y una sensaci\u00f3n de coraje en el est\u00f3mago, que me falta el aire, taquicardia, sue\u00f1o, excesivo, \u00a0cansancio, y poca tolerancia.<\/p>\n<p>Pienso en que ser\u00eda mejor morir para no sentirme as\u00ed. Me da miedo perder el control, ya que en alguna ocasi\u00f3n le pegu\u00e9 a mi nena, incluso haci\u00e9ndole sangrar su nariz . \u00bfQu\u00e9 me ocurre? \u00a0Hay alg\u00fan diagn\u00f3stico\u00a0 que tenga estas sensaciones o s\u00edntomas?. En verdad necesito ayuda y no s\u00e9 a d\u00f3nde recurrir. \u00bfPuede ser ansiedad o estr\u00e9s?<\/p>\n<p><a href=\"https:\/\/tratamiento-ansiedad-depresion.com\/blog\/wp-content\/uploads\/2014\/02\/Ansiedad-tension.jpg\"><img loading=\"lazy\" decoding=\"async\" class=\"aligncenter size-full wp-image-352\" alt=\"Ansiedad y tensi\u00f3n\" src=\"https:\/\/tratamiento-ansiedad-depresion.com\/blog\/wp-content\/uploads\/2014\/02\/Ansiedad-tension.jpg\" width=\"300\" height=\"300\" srcset=\"https:\/\/tratamiento-ansiedad-depresion.com\/blog\/wp-content\/uploads\/2014\/02\/Ansiedad-tension.jpg 300w, https:\/\/tratamiento-ansiedad-depresion.com\/blog\/wp-content\/uploads\/2014\/02\/Ansiedad-tension-150x150.jpg 150w\" sizes=\"(max-width: 300px) 100vw, 300px\" \/><\/a><\/p>\n<p><span style=\"color: #00d600;\">RESPUESTA<\/span><\/p>\n<p style=\"text-align: justify;\">La ansiedad y el estr\u00e9s tienen m\u00faltiples formas de expresarse ya sea mediante dolores de cabeza, problemas estomacales, rigidez en todo el cuerpo, tensi\u00f3n, cansancio, irritabilidad, problemas de concentraci\u00f3n, apat\u00eda, nerviosismo, dolor en el pecho, sensaciones de ahogo, p\u00e9rdida del cabello, erupciones cut\u00e1neas (herpes simple, irritaciones de piel,..) Todos estos s\u00edntomas suelen ser indicadores que la persona est\u00e1 soportando unos niveles de ansiedad o estr\u00e9s que su cuerpo no puede tolerar, por lo que acaba somatizando la ansiedad, es decir manifestando de forma f\u00edsica que la psique se encuentra mal.<\/p>\n<p style=\"text-align: justify;\">Normalmente de esta manera nos damos cuenta que algo no va bien. Nos resulta mucho m\u00e1s sencillo notar un fuerte dolor de cabeza, que sentir que tengo ansiedad, porque c\u00f3mo medimos nuestros niveles de ansiedad? No sabemos hacerlo, pero s\u00ed tenemos claro cu\u00e1ndo nos duele la cabeza. Por ello el cuerpo ha dise\u00f1ado este sistema de aviso o alarma, <strong>las somatizacones<\/strong>. \u00c9stas nos indican claramente que hemos sobrepasado nuestros niveles de tolerancia a la ansiedad o el estr\u00e9s.<\/p>\n<p style=\"text-align: justify;\">En la pregunta que nos han formulado hoy, vemos claramente c\u00f3mo todos los s\u00edntomas expuestos pueden ser causa directa de la ansiedad, incluso la irritabilidad ya que la ansiedad nos tensiona enormemente y una de las v\u00edas m\u00e1s comunes para eliminar la tensi\u00f3n es la ira. Tras unos cuantos gritos o un discusi\u00f3n acalorada, parece que nos encontramos un poco menos tensos, aunque normalmente el foco de nuestra ira normalmente es err\u00f3neo y acaban pagando justos por pecadores.<\/p>\n<p style=\"text-align: justify;\">Te recomiendo que mires de encontrar v\u00edas para canalizar tu tensi\u00f3n y eliminarla. Una alternativa muy interesante es el practicar algo de ejercicio o deporte un par o tres veces por semana. De la misma manera ser\u00eda interesante que pudieras mirar de encontrar espacios en los que poder relajarte y eliminar tu tensi\u00f3n actual. Si lo consigues, muy probablemente los s\u00edntomas que nos has descrito, vayan reduciendo su intensidad de forma notable, hasta que sean mucho m\u00e1s manejables.<\/p>\n<p style=\"text-align: center;\">Si quieres participar en el blog y preguntarnos algo, haz click aqu\u00ed.<\/p>\n<p><a href=\"https:\/\/tratamiento-ansiedad-depresion.com\/blog\/asesoramiento-gratuito\/\/\"><img loading=\"lazy\" decoding=\"async\" class=\"aligncenter size-full wp-image-697\" title=\"El psic\u00f3logo contestar\u00e1 tus preguntas\" alt=\"manda-tu-consulta\" src=\"https:\/\/tratamiento-ansiedad-depresion.com\/blog\/wp-content\/uploads\/2013\/11\/asesoramiento-gratuito-button.png\" width=\"200\" height=\"107\" \/><\/a><br \/>\nRub\u00e9n Blasco, Psic\u00f3logo Colegiado N\u00ba 14830.<\/p>\n<p>M\u00e1s informaci\u00f3n en<a href=\"http:\/\/tratamiento-ansiedad-depresion.com\" target=\"_blank\"> tratamiento-ansiedad-depresion.com<\/a><\/p>\n","protected":false},"excerpt":{"rendered":"<p>&nbsp; \u00bfQu\u00e9 me ocurre? Ansiedad y Estr\u00e9s PREGUNTA Desde hace un a\u00f1o he notado que algo no funciona bien. Tengo dolor de cabeza recurrente sobre todo por las ma\u00f1anas y las noches, y una sensaci\u00f3n de coraje en el est\u00f3mago, que me falta el aire, taquicardia, sue\u00f1o, excesivo, \u00a0cansancio, y poca tolerancia. Pienso en que &hellip; <\/p>\n<p><a class=\"more-link btn\" href=\"https:\/\/tratamiento-ansiedad-depresion.com\/blog\/asesoramiento-gratuito\/ansiedad-y-estres\/\">Continue reading<\/a><\/p>\n","protected":false},"author":1,"featured_media":0,"parent":211,"menu_order":0,"comment_status":"open","ping_status":"open","template":"","meta":{"_monsterinsights_skip_tracking":false,"_monsterinsights_sitenote_active":false,"_monsterinsights_sitenote_note":"","_monsterinsights_sitenote_category":0,"footnotes":""},"class_list":["post-349","page","type-page","status-publish","hentry","nodate","item-wrap"],"aioseo_notices":[],"_links":{"self":[{"href":"https:\/\/tratamiento-ansiedad-depresion.com\/blog\/wp-json\/wp\/v2\/pages\/349"}],"collection":[{"href":"https:\/\/tratamiento-ansiedad-depresion.com\/blog\/wp-json\/wp\/v2\/pages"}],"about":[{"href":"https:\/\/tratamiento-ansiedad-depresion.com\/blog\/wp-json\/wp\/v2\/types\/page"}],"author":[{"embeddable":true,"href":"https:\/\/tratamiento-ansiedad-depresion.com\/blog\/wp-json\/wp\/v2\/users\/1"}],"replies":[{"embeddable":true,"href":"https:\/\/tratamiento-ansiedad-depresion.com\/blog\/wp-json\/wp\/v2\/comments?post=349"}],"version-history":[{"count":13,"href":"https:\/\/tratamiento-ansiedad-depresion.com\/blog\/wp-json\/wp\/v2\/pages\/349\/revisions"}],"predecessor-version":[{"id":361,"href":"https:\/\/tratamiento-ansiedad-depresion.com\/blog\/wp-json\/wp\/v2\/pages\/349\/revisions\/361"}],"up":[{"embeddable":true,"href":"https:\/\/tratamiento-ansiedad-depresion.com\/blog\/wp-json\/wp\/v2\/pages\/211"}],"wp:attachment":[{"href":"https:\/\/tratamiento-ansiedad-depresion.com\/blog\/wp-json\/wp\/v2\/media?parent=349"}],"curies":[{"name":"wp","href":"https:\/\/api.w.org\/{rel}","templated":true}]}}