{"id":12,"date":"2013-03-19T12:41:11","date_gmt":"2013-03-19T12:41:11","guid":{"rendered":"https:\/\/tratamiento-ansiedad-depresion.com\/blog\/?page_id=12"},"modified":"2020-02-10T17:22:45","modified_gmt":"2020-02-10T17:22:45","slug":"contacto","status":"publish","type":"page","link":"https:\/\/tratamiento-ansiedad-depresion.com\/blog\/contacto\/","title":{"rendered":"Contacto"},"content":{"rendered":"<h2 style=\"text-align: center;\"><a href=\"http:\/\/tratamiento-ansiedad-depresion.com\" target=\"_blank\" rel=\"noopener noreferrer\"><strong>Tratamiento Ansiedad Depresi\u00f3n<\/strong><\/a><\/h2>\n<p>Si deseas m\u00e1s informaci\u00f3n o quieres concertar una visita con nosotros, el centro de consulta psicol\u00f3gica de Tratamiento Ansiedad Depresi\u00f3n se encuentra en:<\/p>\n<p><a href=\"https:\/\/tratamiento-ansiedad-depresion.com\/blog\/wp-content\/uploads\/2020\/02\/psicologo_especialista_bcn-LOGO.png\"><img loading=\"lazy\" decoding=\"async\" class=\"aligncenter size-medium wp-image-1007\" src=\"https:\/\/tratamiento-ansiedad-depresion.com\/blog\/wp-content\/uploads\/2020\/02\/psicologo_especialista_bcn-LOGO-300x76.png\" alt=\"\" width=\"300\" height=\"76\" srcset=\"https:\/\/tratamiento-ansiedad-depresion.com\/blog\/wp-content\/uploads\/2020\/02\/psicologo_especialista_bcn-LOGO-300x76.png 300w, https:\/\/tratamiento-ansiedad-depresion.com\/blog\/wp-content\/uploads\/2020\/02\/psicologo_especialista_bcn-LOGO-1024x261.png 1024w, https:\/\/tratamiento-ansiedad-depresion.com\/blog\/wp-content\/uploads\/2020\/02\/psicologo_especialista_bcn-LOGO-768x196.png 768w, https:\/\/tratamiento-ansiedad-depresion.com\/blog\/wp-content\/uploads\/2020\/02\/psicologo_especialista_bcn-LOGO-1536x391.png 1536w, https:\/\/tratamiento-ansiedad-depresion.com\/blog\/wp-content\/uploads\/2020\/02\/psicologo_especialista_bcn-LOGO-2048x522.png 2048w\" sizes=\"(max-width: 300px) 100vw, 300px\" \/><\/a><\/p>\n<p style=\"text-align: center;\">Paseo de Fabra i Puig 118-120, entlo 3\u00aa, \u00a008016. Barcelona<\/p>\n<p style=\"text-align: center;\">Tel\u00e9fonos: <strong>688 988 333 \/\/ 935 353 889<br \/><\/strong><\/p>\n<h3 style=\"text-align: center;\"><a href=\"https:\/\/psicologo-especialista-barcelona.com\/contacto-psicologo-barcelona\" target=\"_blank\" rel=\"noopener noreferrer\"><span style=\"color: #008000;\">\u00a1Rellena nuestro formulario de contacto y nosotros te llamaremos!<\/span><\/a><\/h3>\n<p>\u00a0<\/p>\n<p><iframe loading=\"lazy\" style=\"border: 0;\" src=\"https:\/\/www.google.com\/maps\/embed?pb=!1m18!1m12!1m3!1d2991.4098882842186!2d2.1800913154271013!3d41.43032697926017!2m3!1f0!2f0!3f0!3m2!1i1024!2i768!4f13.1!3m3!1m2!1s0x0%3A0x78c7f8020eebdf47!2sPsicologo+especialista+Barcelona!5e0!3m2!1ses!2sus!4v1449048885378\" width=\"600\" height=\"450\" frameborder=\"0\" allowfullscreen=\"allowfullscreen\"><\/iframe><\/p>\n\n\n<p><\/p>\n","protected":false},"excerpt":{"rendered":"<p>Tratamiento Ansiedad Depresi\u00f3n Si deseas m\u00e1s informaci\u00f3n o quieres concertar una visita con nosotros, el centro de consulta psicol\u00f3gica de Tratamiento Ansiedad Depresi\u00f3n se encuentra en: Paseo de Fabra i Puig 118-120, entlo 3\u00aa, \u00a008016. Barcelona Tel\u00e9fonos: 688 988 333 \/\/ 935 353 889 \u00a1Rellena nuestro formulario de contacto y nosotros te llamaremos! \u00a0<\/p>\n","protected":false},"author":1,"featured_media":0,"parent":0,"menu_order":0,"comment_status":"closed","ping_status":"open","template":"","meta":{"_monsterinsights_skip_tracking":false,"_monsterinsights_sitenote_active":false,"_monsterinsights_sitenote_note":"","_monsterinsights_sitenote_category":0,"footnotes":""},"class_list":["post-12","page","type-page","status-publish","hentry","nodate","item-wrap"],"aioseo_notices":[],"_links":{"self":[{"href":"https:\/\/tratamiento-ansiedad-depresion.com\/blog\/wp-json\/wp\/v2\/pages\/12"}],"collection":[{"href":"https:\/\/tratamiento-ansiedad-depresion.com\/blog\/wp-json\/wp\/v2\/pages"}],"about":[{"href":"https:\/\/tratamiento-ansiedad-depresion.com\/blog\/wp-json\/wp\/v2\/types\/page"}],"author":[{"embeddable":true,"href":"https:\/\/tratamiento-ansiedad-depresion.com\/blog\/wp-json\/wp\/v2\/users\/1"}],"replies":[{"embeddable":true,"href":"https:\/\/tratamiento-ansiedad-depresion.com\/blog\/wp-json\/wp\/v2\/comments?post=12"}],"version-history":[{"count":16,"href":"https:\/\/tratamiento-ansiedad-depresion.com\/blog\/wp-json\/wp\/v2\/pages\/12\/revisions"}],"predecessor-version":[{"id":1008,"href":"https:\/\/tratamiento-ansiedad-depresion.com\/blog\/wp-json\/wp\/v2\/pages\/12\/revisions\/1008"}],"wp:attachment":[{"href":"https:\/\/tratamiento-ansiedad-depresion.com\/blog\/wp-json\/wp\/v2\/media?parent=12"}],"curies":[{"name":"wp","href":"https:\/\/api.w.org\/{rel}","templated":true}]}}